{"id":254447,"date":"2022-04-15T12:03:56","date_gmt":"2022-04-15T10:03:56","guid":{"rendered":"https:\/\/www.marinefloor.fr\/our-partners\/marinefloor-caraibes\/"},"modified":"2025-09-04T14:12:20","modified_gmt":"2025-09-04T12:12:20","slug":"marinefloor-caraibes","status":"publish","type":"page","link":"https:\/\/www.marinefloor.fr\/en\/our-partners\/marinefloor-caraibes\/","title":{"rendered":"MarineFloor Cara\u00efbes"},"content":{"rendered":"<p>[et_pb_section fb_built=&#8221;1&#8243; fullwidth=&#8221;on&#8221; _builder_version=&#8221;4.16&#8243; _module_preset=&#8221;default&#8221; custom_margin=&#8221;0px||||false|false&#8221; global_colors_info=&#8221;{}&#8221;][et_pb_fullwidth_header title=&#8221;<span style=%22color: #189fd8;%22>M<\/span>arinefloor Cara\u00efbes&#8221; header_fullscreen=&#8221;on&#8221; header_scroll_down=&#8221;on&#8221; scroll_down_icon=&#8221;%%1%%&#8221; scroll_down_icon_color=&#8221;#FFFFFF&#8221; background_overlay_color=&#8221;rgba(0,0,0,0.15)&#8221; _builder_version=&#8221;4.17.0&#8243; _module_preset=&#8221;default&#8221; title_text_align=&#8221;center&#8221; title_font_size=&#8221;40px&#8221; background_image=&#8221;https:\/\/www.marinefloor.fr\/wp-content\/uploads\/marinefloor-caraibes-partenaire.jpg&#8221; parallax=&#8221;on&#8221; title_font_size_tablet=&#8221;40px&#8221; title_font_size_phone=&#8221;32px&#8221; title_font_size_last_edited=&#8221;on|desktop&#8221; title_text_shadow_style=&#8221;preset5&#8243; title_text_shadow_horizontal_length=&#8221;0.03em&#8221; title_text_shadow_vertical_length=&#8221;0.03em&#8221; global_colors_info=&#8221;{}&#8221;][\/et_pb_fullwidth_header][\/et_pb_section][et_pb_section fb_built=&#8221;1&#8243; _builder_version=&#8221;4.17.0&#8243; _module_preset=&#8221;default&#8221; background_enable_color=&#8221;off&#8221; background_color_gradient_direction=&#8221;360deg&#8221; background_color_gradient_start=&#8221;rgba(50,53,58,0.7)&#8221; background_color_gradient_end=&#8221;rgba(50,53,58,0.2)&#8221; z_index=&#8221;99999&#8243; overflow-x=&#8221;visible&#8221; overflow-y=&#8221;visible&#8221; animation_style=&#8221;fade&#8221; animation_duration=&#8221;2500ms&#8221; box_shadow_style=&#8221;preset3&#8243; global_colors_info=&#8221;{}&#8221;][et_pb_row column_structure=&#8221;1_2,1_2&#8243; make_equal=&#8221;on&#8221; _builder_version=&#8221;4.17.0&#8243; _module_preset=&#8221;default&#8221; max_width=&#8221;1280px&#8221; locked=&#8221;off&#8221; global_colors_info=&#8221;{}&#8221;][et_pb_column type=&#8221;1_2&#8243; _builder_version=&#8221;4.16&#8243; _module_preset=&#8221;default&#8221; global_colors_info=&#8221;{}&#8221;][et_pb_image src=&#8221;https:\/\/www.marinefloor.fr\/wp-content\/uploads\/logo-marinefloor-caraibes.jpg&#8221; alt=&#8221;Marinefloor Caraibes&#8221; title_text=&#8221;Marinefloor Caraibes&#8221; align=&#8221;center&#8221; _builder_version=&#8221;4.17.0&#8243; _module_preset=&#8221;default&#8221; animation_style=&#8221;flip&#8221; box_shadow_style=&#8221;preset1&#8243; global_colors_info=&#8221;{}&#8221;][\/et_pb_image][et_pb_text _builder_version=&#8221;4.17.0&#8243; _module_preset=&#8221;default&#8221; text_text_color=&#8221;#666666&#8243; text_font_size=&#8221;16px&#8221; text_orientation=&#8221;center&#8221; animation_style=&#8221;fade&#8221; animation_delay=&#8221;100ms&#8221; locked=&#8221;off&#8221; global_colors_info=&#8221;{}&#8221;]<\/p>\n<p><strong>France<\/strong><br \/>Outre-mer<\/p>\n<p><img loading=\"lazy\" decoding=\"async\" class=\"wp-image-249503 aligncenter size-full\" src=\"https:\/\/www.marinefloor.fr\/wp-content\/uploads\/drapeau-fr.jpg\" alt=\"Partenaires MarineFloor France\" width=\"80\" height=\"54\" \/><\/p>\n<p>[\/et_pb_text][\/et_pb_column][et_pb_column type=&#8221;1_2&#8243; _builder_version=&#8221;4.16&#8243; _module_preset=&#8221;default&#8221; global_colors_info=&#8221;{}&#8221;][et_pb_text _builder_version=&#8221;4.17.0&#8243; _module_preset=&#8221;default&#8221; text_text_color=&#8221;#666666&#8243; text_font_size=&#8221;16px&#8221; header_6_font_size=&#8221;20px&#8221; text_orientation=&#8221;justified&#8221; animation_style=&#8221;fade&#8221; animation_delay=&#8221;100ms&#8221; global_colors_info=&#8221;{}&#8221;]<\/p>\n<p>Christophe GANTELET est en activit\u00e9 <strong>en Martinique depuis 1984<\/strong>.<\/p>\n<p>Entrepreneur local dans plusieurs secteurs, c\u2019est en 2007 qu\u2019il d\u00e9cide, suite \u00e0 la rencontre de Laurent Dubois, de monter une structure pour d\u00e9velopper le march\u00e9 des <strong>pontons flottants modulaires dans les Cara\u00efbes<\/strong>. MARINEFLOOR CARAIBES \u00e9tait n\u00e9.<\/p>\n<p><strong>Pionnier des partenaires de MARINEFLOOR EUROPE<\/strong>, le march\u00e9 carib\u00e9en se d\u00e9veloppe depuis, avec de nombreuses <strong>bases \u00e0 bateaux et \u00e0 jets<\/strong>, des pontons flottants, un <strong>stock permanent sur l\u2019\u00eele<\/strong>\u2026<\/p>\n<p>N\u2019h\u00e9sitez pas \u00e0 le contacter pour tout projet dans cette zone g\u00e9ographique, \u00e0 l\u2019<strong>achat<\/strong> ou \u00e0 la <strong>location<\/strong>.<\/p>\n<p>[\/et_pb_text][\/et_pb_column][\/et_pb_row][et_pb_row column_structure=&#8221;1_3,1_3,1_3&#8243; make_equal=&#8221;on&#8221; _builder_version=&#8221;4.17.0&#8243; _module_preset=&#8221;default&#8221; max_width=&#8221;1280px&#8221; locked=&#8221;off&#8221; global_colors_info=&#8221;{}&#8221;][et_pb_column type=&#8221;1_3&#8243; _builder_version=&#8221;4.16&#8243; _module_preset=&#8221;default&#8221; global_colors_info=&#8221;{}&#8221;][et_pb_button button_url=&#8221;mailto:maximec.chevalier@gmail.com&#8221; button_text=&#8221;Envoyer un mail \u00e0 notre partenaire&#8221; button_alignment=&#8221;center&#8221; admin_label=&#8221;Email&#8221; _builder_version=&#8221;4.27.4&#8243; _module_preset=&#8221;default&#8221; custom_button=&#8221;on&#8221; button_text_size=&#8221;16px&#8221; button_use_icon=&#8221;off&#8221; animation_style=&#8221;slide&#8221; animation_direction=&#8221;top&#8221; animation_duration=&#8221;1500ms&#8221; animation_delay=&#8221;50ms&#8221; hover_enabled=&#8221;0&#8243; locked=&#8221;off&#8221; global_colors_info=&#8221;{}&#8221; sticky_enabled=&#8221;0&#8243;][\/et_pb_button][\/et_pb_column][et_pb_column type=&#8221;1_3&#8243; _builder_version=&#8221;4.16&#8243; _module_preset=&#8221;default&#8221; global_colors_info=&#8221;{}&#8221;][et_pb_button button_url=&#8221;https:\/\/www.marinefloorcaraibes.fr\/&#8221; url_new_window=&#8221;on&#8221; button_text=&#8221;Visitez le site de notre partenaire&#8221; button_alignment=&#8221;center&#8221; disabled_on=&#8221;on|on|on&#8221; admin_label=&#8221;Site&#8221; _builder_version=&#8221;4.17.0&#8243; _module_preset=&#8221;default&#8221; custom_button=&#8221;on&#8221; button_text_size=&#8221;16px&#8221; button_use_icon=&#8221;off&#8221; animation_style=&#8221;slide&#8221; animation_direction=&#8221;top&#8221; animation_duration=&#8221;1500ms&#8221; animation_delay=&#8221;50ms&#8221; disabled=&#8221;on&#8221; locked=&#8221;off&#8221; global_colors_info=&#8221;{}&#8221;][\/et_pb_button][\/et_pb_column][et_pb_column type=&#8221;1_3&#8243; _builder_version=&#8221;4.16&#8243; _module_preset=&#8221;default&#8221; global_colors_info=&#8221;{}&#8221;][et_pb_button button_url=&#8221;https:\/\/www.facebook.com\/marinefloorcaraibes\/&#8221; url_new_window=&#8221;on&#8221; button_text=&#8221;Visitez la page Facebook de notre partenaire&#8221; button_alignment=&#8221;center&#8221; admin_label=&#8221;Facebook&#8221; _builder_version=&#8221;4.17.0&#8243; _module_preset=&#8221;default&#8221; custom_button=&#8221;on&#8221; button_text_size=&#8221;16px&#8221; button_use_icon=&#8221;off&#8221; animation_style=&#8221;slide&#8221; animation_direction=&#8221;top&#8221; animation_duration=&#8221;1500ms&#8221; animation_delay=&#8221;50ms&#8221; locked=&#8221;off&#8221; global_colors_info=&#8221;{}&#8221;][\/et_pb_button][\/et_pb_column][\/et_pb_row][et_pb_row make_equal=&#8221;on&#8221; _builder_version=&#8221;4.17.0&#8243; _module_preset=&#8221;default&#8221; max_width=&#8221;1280px&#8221; locked=&#8221;off&#8221; global_colors_info=&#8221;{}&#8221;][et_pb_column type=&#8221;4_4&#8243; _builder_version=&#8221;4.16&#8243; _module_preset=&#8221;default&#8221; global_colors_info=&#8221;{}&#8221;][et_pb_gallery gallery_ids=&#8221;252961,252962,252963,252964,252965&#8243; posts_number=&#8221;8&#8243; show_title_and_caption=&#8221;off&#8221; _builder_version=&#8221;4.23.4&#8243; _module_preset=&#8221;default&#8221; width=&#8221;800px&#8221; width_tablet=&#8221;auto&#8221; width_phone=&#8221;auto&#8221; width_last_edited=&#8221;on|phone&#8221; module_alignment=&#8221;center&#8221; height=&#8221;600px&#8221; height_tablet=&#8221;auto&#8221; height_phone=&#8221;auto&#8221; height_last_edited=&#8221;on|phone&#8221; global_colors_info=&#8221;{}&#8221;][\/et_pb_gallery][et_pb_button button_url=&#8221;@ET-DC@eyJkeW5hbWljIjp0cnVlLCJjb250ZW50IjoicG9zdF9saW5rX3VybF9wYWdlIiwic2V0dGluZ3MiOnsicG9zdF9pZCI6IjI0OTM0OCJ9fQ==@&#8221; button_text=&#8221;Voir tous nos partenaires&#8221; button_alignment=&#8221;center&#8221; admin_label=&#8221;Retour partenaires&#8221; _builder_version=&#8221;4.17.0&#8243; _dynamic_attributes=&#8221;button_url&#8221; _module_preset=&#8221;default&#8221; custom_button=&#8221;on&#8221; button_text_size=&#8221;20px&#8221; button_use_icon=&#8221;off&#8221; animation_style=&#8221;slide&#8221; animation_direction=&#8221;top&#8221; animation_duration=&#8221;1500ms&#8221; animation_delay=&#8221;50ms&#8221; locked=&#8221;off&#8221; global_colors_info=&#8221;{}&#8221;][\/et_pb_button][\/et_pb_column][\/et_pb_row][\/et_pb_section][et_pb_section fb_built=&#8221;1&#8243; _builder_version=&#8221;4.17.0&#8243; _module_preset=&#8221;default&#8221; z_index=&#8221;9&#8243; overflow-x=&#8221;visible&#8221; overflow-y=&#8221;visible&#8221; box_shadow_style=&#8221;preset3&#8243; locked=&#8221;off&#8221; global_colors_info=&#8221;{}&#8221;][et_pb_row use_custom_gutter=&#8221;on&#8221; make_equal=&#8221;on&#8221; _builder_version=&#8221;4.17.0&#8243; _module_preset=&#8221;default&#8221; max_width=&#8221;1280px&#8221; locked=&#8221;off&#8221; global_colors_info=&#8221;{}&#8221;][et_pb_column type=&#8221;4_4&#8243; _builder_version=&#8221;4.16&#8243; _module_preset=&#8221;default&#8221; global_colors_info=&#8221;{}&#8221;][et_pb_text admin_label=&#8221;Aller plus loin&#8221; _builder_version=&#8221;4.17.0&#8243; _module_preset=&#8221;default&#8221; header_2_text_color=&#8221;#32353A&#8221; header_2_font_size=&#8221;30px&#8221; header_3_font_size=&#8221;25px&#8221; text_orientation=&#8221;justified&#8221; animation_style=&#8221;slide&#8221; animation_direction=&#8221;top&#8221; header_2_font_size_tablet=&#8221;30px&#8221; header_2_font_size_phone=&#8221;24px&#8221; header_2_font_size_last_edited=&#8221;on|desktop&#8221; header_3_font_size_tablet=&#8221;25px&#8221; header_3_font_size_phone=&#8221;20px&#8221; header_3_font_size_last_edited=&#8221;on|desktop&#8221; global_colors_info=&#8221;{}&#8221;]<\/p>\n<h2><span style=\"color: #189fd8;\">A<\/span>ller plus loin&#8230;<\/h2>\n<p>[\/et_pb_text][et_pb_divider divider_position=&#8221;center&#8221; divider_weight=&#8221;2px&#8221; divider_weight_tablet=&#8221;2px&#8221; divider_weight_phone=&#8221;2px&#8221; divider_weight_last_edited=&#8221;on|desktop&#8221; _builder_version=&#8221;4.16&#8243; _module_preset=&#8221;default&#8221; width=&#8221;670px&#8221; width_last_edited=&#8221;off|desktop&#8221; module_alignment=&#8221;left&#8221; custom_padding=&#8221;||10px||false|false&#8221; animation_style=&#8221;fade&#8221; module_alignment_tablet=&#8221;center&#8221; module_alignment_phone=&#8221;center&#8221; module_alignment_last_edited=&#8221;on|tablet&#8221; locked=&#8221;off&#8221; global_colors_info=&#8221;{}&#8221;][\/et_pb_divider][\/et_pb_column][\/et_pb_row][et_pb_row column_structure=&#8221;1_2,1_2&#8243; use_custom_gutter=&#8221;on&#8221; make_equal=&#8221;on&#8221; _builder_version=&#8221;4.17.0&#8243; _module_preset=&#8221;default&#8221; max_width=&#8221;1280px&#8221; global_colors_info=&#8221;{}&#8221;][et_pb_column type=&#8221;1_2&#8243; _builder_version=&#8221;4.17.0&#8243; _module_preset=&#8221;default&#8221; global_colors_info=&#8221;{}&#8221;][et_pb_text admin_label=&#8221;Conseil devis&#8221; _builder_version=&#8221;4.17.0&#8243; _module_preset=&#8221;default&#8221; text_font_size=&#8221;16px&#8221; header_3_text_align=&#8221;center&#8221; header_3_font_size=&#8221;20px&#8221; header_3_line_height=&#8221;1.3em&#8221; header_4_text_align=&#8221;center&#8221; text_orientation=&#8221;center&#8221; global_colors_info=&#8221;{}&#8221;]<\/p>\n<h3>Un conseil ? Un devis ?<\/h3>\n<h4>Entrez directement en contact avec le partenaire de votre zone g\u00e9ographique.<\/h4>\n<p>Vous pouvez \u00e9galement <a href=\"https:\/\/www.marinefloor.fr\/contact\/\">nous contacter<\/a> et nous vous mettrons en relation avec lui. En cas d\u2019absence de partenaire local, nous prendrons directement en charge votre demande.<\/p>\n<p>[\/et_pb_text][\/et_pb_column][et_pb_column type=&#8221;1_2&#8243; _builder_version=&#8221;4.17.0&#8243; _module_preset=&#8221;default&#8221; global_colors_info=&#8221;{}&#8221;][et_pb_text admin_label=&#8221;nous rejoindre&#8221; _builder_version=&#8221;4.17.0&#8243; _module_preset=&#8221;default&#8221; text_font_size=&#8221;16px&#8221; header_3_text_align=&#8221;center&#8221; header_3_font_size=&#8221;20px&#8221; header_3_line_height=&#8221;1.3em&#8221; header_4_text_align=&#8221;center&#8221; text_orientation=&#8221;center&#8221; global_colors_info=&#8221;{}&#8221;]<\/p>\n<h3>Envie de nous rejoindre ?<\/h3>\n<h4>Contactez-nous pour en discuter et \u00e9valuer la faisabilit\u00e9 d\u2019un partenariat.<\/h4>\n<p>Nous sommes toujours en veille d\u2019acteurs implant\u00e9s et de confiance pour  d\u00e9velopper l\u2019utilisation sans limites de nos pontons flottants, pr\u00e9senter nos produits, les installer, les maintenir\u2026 <a href=\"https:\/\/www.marinefloor.fr\/contact\/\">Ecrivez-nous<\/a> ![\/et_pb_text][\/et_pb_column][\/et_pb_row][\/et_pb_section]<\/p>\n","protected":false},"excerpt":{"rendered":"<p>FranceOutre-mer Christophe GANTELET est en activit\u00e9 en Martinique depuis 1984. Entrepreneur local dans plusieurs secteurs, c\u2019est en 2007 qu\u2019il d\u00e9cide, suite \u00e0 la rencontre de Laurent Dubois, de monter une structure pour d\u00e9velopper le march\u00e9 des pontons flottants modulaires dans les Cara\u00efbes. MARINEFLOOR CARAIBES \u00e9tait n\u00e9. Pionnier des partenaires de MARINEFLOOR EUROPE, le march\u00e9 carib\u00e9en se d\u00e9veloppe depuis, avec de nombreuses bases \u00e0 bateaux et \u00e0 jets, des pontons flottants, un stock permanent sur l\u2019\u00eele\u2026 N\u2019h\u00e9sitez pas \u00e0 le contacter pour tout projet dans cette zone g\u00e9ographique, \u00e0 l\u2019achat ou \u00e0 la location.Aller plus loin&#8230;Un conseil ? Un devis ? Entrez directement en contact avec le partenaire de votre zone g\u00e9ographique. Vous pouvez \u00e9galement nous contacter et nous vous mettrons en relation avec lui. En cas d\u2019absence de partenaire local, nous prendrons directement en charge votre demande.Envie de nous rejoindre ? Contactez-nous pour en discuter et \u00e9valuer la faisabilit\u00e9 d\u2019un partenariat. Nous sommes toujours en veille d\u2019acteurs implant\u00e9s et de confiance pour d\u00e9velopper l\u2019utilisation sans limites de nos pontons flottants, pr\u00e9senter nos produits, les installer, les maintenir\u2026 Ecrivez-nous !<\/p>\n","protected":false},"author":1,"featured_media":0,"parent":254402,"menu_order":4,"comment_status":"closed","ping_status":"closed","template":"","meta":{"_et_pb_use_builder":"on","_et_pb_old_content":"","_et_gb_content_width":"","footnotes":""},"class_list":["post-254447","page","type-page","status-publish","hentry"],"aioseo_notices":[],"_links":{"self":[{"href":"https:\/\/www.marinefloor.fr\/en\/wp-json\/wp\/v2\/pages\/254447","targetHints":{"allow":["GET"]}}],"collection":[{"href":"https:\/\/www.marinefloor.fr\/en\/wp-json\/wp\/v2\/pages"}],"about":[{"href":"https:\/\/www.marinefloor.fr\/en\/wp-json\/wp\/v2\/types\/page"}],"author":[{"embeddable":true,"href":"https:\/\/www.marinefloor.fr\/en\/wp-json\/wp\/v2\/users\/1"}],"replies":[{"embeddable":true,"href":"https:\/\/www.marinefloor.fr\/en\/wp-json\/wp\/v2\/comments?post=254447"}],"version-history":[{"count":16,"href":"https:\/\/www.marinefloor.fr\/en\/wp-json\/wp\/v2\/pages\/254447\/revisions"}],"predecessor-version":[{"id":265657,"href":"https:\/\/www.marinefloor.fr\/en\/wp-json\/wp\/v2\/pages\/254447\/revisions\/265657"}],"up":[{"embeddable":true,"href":"https:\/\/www.marinefloor.fr\/en\/wp-json\/wp\/v2\/pages\/254402"}],"wp:attachment":[{"href":"https:\/\/www.marinefloor.fr\/en\/wp-json\/wp\/v2\/media?parent=254447"}],"curies":[{"name":"wp","href":"https:\/\/api.w.org\/{rel}","templated":true}]}}