{"id":254488,"date":"2022-04-15T12:16:31","date_gmt":"2022-04-15T10:16:31","guid":{"rendered":"https:\/\/www.marinefloor.fr\/our-partners\/unibis\/"},"modified":"2024-01-22T16:03:15","modified_gmt":"2024-01-22T15:03:15","slug":"unibis","status":"publish","type":"page","link":"https:\/\/www.marinefloor.fr\/en\/our-partners\/unibis\/","title":{"rendered":"Unibis"},"content":{"rendered":"<p>[et_pb_section fb_built=&#8221;1&#8243; fullwidth=&#8221;on&#8221; _builder_version=&#8221;4.16&#8243; _module_preset=&#8221;default&#8221; custom_margin=&#8221;0px||||false|false&#8221; global_colors_info=&#8221;{}&#8221;][et_pb_fullwidth_header title=&#8221;<span style=%22color: #189fd8;%22>U<\/span>nibis&#8221; header_fullscreen=&#8221;on&#8221; header_scroll_down=&#8221;on&#8221; scroll_down_icon=&#8221;%%1%%&#8221; scroll_down_icon_color=&#8221;#FFFFFF&#8221; background_overlay_color=&#8221;rgba(0,0,0,0.15)&#8221; _builder_version=&#8221;4.23.1&#8243; _module_preset=&#8221;default&#8221; title_text_align=&#8221;center&#8221; title_font_size=&#8221;40px&#8221; background_image=&#8221;https:\/\/www.marinefloor.fr\/wp-content\/uploads\/MARINEFLOOR-UNIBIS-festival-de-la-contrebande-Alcoutim-espagne-2023-05.jpg&#8221; parallax=&#8221;on&#8221; title_font_size_tablet=&#8221;40px&#8221; title_font_size_phone=&#8221;32px&#8221; title_font_size_last_edited=&#8221;on|desktop&#8221; title_text_shadow_style=&#8221;preset5&#8243; title_text_shadow_horizontal_length=&#8221;0.03em&#8221; title_text_shadow_vertical_length=&#8221;0.03em&#8221; global_colors_info=&#8221;{}&#8221;][\/et_pb_fullwidth_header][\/et_pb_section][et_pb_section fb_built=&#8221;1&#8243; _builder_version=&#8221;4.17.0&#8243; _module_preset=&#8221;default&#8221; background_enable_color=&#8221;off&#8221; background_color_gradient_direction=&#8221;360deg&#8221; background_color_gradient_start=&#8221;rgba(50,53,58,0.7)&#8221; background_color_gradient_end=&#8221;rgba(50,53,58,0.2)&#8221; z_index=&#8221;99999&#8243; overflow-x=&#8221;visible&#8221; overflow-y=&#8221;visible&#8221; animation_style=&#8221;fade&#8221; animation_duration=&#8221;2500ms&#8221; box_shadow_style=&#8221;preset3&#8243; global_colors_info=&#8221;{}&#8221;][et_pb_row column_structure=&#8221;1_2,1_2&#8243; make_equal=&#8221;on&#8221; _builder_version=&#8221;4.17.0&#8243; _module_preset=&#8221;default&#8221; max_width=&#8221;1280px&#8221; locked=&#8221;off&#8221; global_colors_info=&#8221;{}&#8221;][et_pb_column type=&#8221;1_2&#8243; _builder_version=&#8221;4.16&#8243; _module_preset=&#8221;default&#8221; global_colors_info=&#8221;{}&#8221;][et_pb_image src=&#8221;https:\/\/www.marinefloor.fr\/wp-content\/uploads\/logo-unibis.jpg&#8221; alt=&#8221;Unibis &#8211; Partenaire Espagne&#8221; title_text=&#8221;Unibis &#8211; Partenaire Espagne&#8221; align=&#8221;center&#8221; _builder_version=&#8221;4.17.0&#8243; _module_preset=&#8221;default&#8221; animation_style=&#8221;flip&#8221; box_shadow_style=&#8221;preset1&#8243; global_colors_info=&#8221;{}&#8221;][\/et_pb_image][et_pb_text _builder_version=&#8221;4.17.0&#8243; _module_preset=&#8221;default&#8221; text_text_color=&#8221;#666666&#8243; text_font_size=&#8221;16px&#8221; text_orientation=&#8221;center&#8221; animation_style=&#8221;fade&#8221; animation_delay=&#8221;100ms&#8221; locked=&#8221;off&#8221; global_colors_info=&#8221;{}&#8221;]<\/p>\n<p><strong>Espagne<\/strong><\/p>\n<p><img loading=\"lazy\" decoding=\"async\" class=\"wp-image-249563 aligncenter size-full\" src=\"https:\/\/www.marinefloor.fr\/wp-content\/uploads\/drapeau-espagne.jpg\" alt=\"Partenaires MarineFloor Espagne\" width=\"80\" height=\"54\" \/><\/p>\n<p>[\/et_pb_text][\/et_pb_column][et_pb_column type=&#8221;1_2&#8243; _builder_version=&#8221;4.16&#8243; _module_preset=&#8221;default&#8221; global_colors_info=&#8221;{}&#8221;][et_pb_text _builder_version=&#8221;4.17.0&#8243; _module_preset=&#8221;default&#8221; text_text_color=&#8221;#666666&#8243; text_font_size=&#8221;16px&#8221; header_6_font_size=&#8221;20px&#8221; text_orientation=&#8221;justified&#8221; custom_padding=&#8221;|1px|||false|false&#8221; animation_style=&#8221;fade&#8221; animation_delay=&#8221;100ms&#8221; global_colors_info=&#8221;{}&#8221;]<\/p>\n<p>Santos est \u00e0 la t\u00eate de l\u2019entreprise Unibis, <strong>partenaire MarineFloor de la premi\u00e8re heure pour l\u2019Espagne<\/strong>.<\/p>\n<p><strong>Sp\u00e9cialiste en pontons flottants modulaires<\/strong>, il d\u00e9ploit depuis plusieurs ann\u00e9es maintenant nos <strong>solutions sur la p\u00e9ninsule ib\u00e9rique<\/strong>.<\/p>\n<p>Ils ont mis en place (vente et location) plusieurs r\u00e9alisations majeures, en parall\u00e8le d\u2019installations techniques, BTP et portuaires (bases \u00e0 bateaux et \u00e0 jetskis, plateformes de travail, \u2026) comme :<\/p>\n<ul>\n<li>La <strong>passerelle de 250 m\u00e8tres<\/strong> du Festival de la Contrebande<\/li>\n<li>Des <strong>embarcad\u00e8res flottants<\/strong> dans de nombreuses localit\u00e9s, dont la f\u00e9ria Nautique d\u2019Alicante<\/li>\n<li>Un <strong>cin\u00e9ma sur l\u2019eau \u00e0 Alicante<\/strong><\/li>\n<\/ul>\n<p><strong>A la fois techniciens et installateurs<\/strong>, UNIBIS vous proposera nos <strong>solutions flottantes \u00e0 la vente comme \u00e0 la location<\/strong>, avec un <strong>service clefs en main<\/strong> : \u00e9tude technique, fourniture, installation et ancrage, gestion pendant votre \u00e9v\u00e9nement, d\u00e9montage\u2026<\/p>\n<p>N\u2019h\u00e9sitez pas \u00e0 les contacter pour tout besoin flottant sur le territoire espagnol.<\/p>\n<p>[\/et_pb_text][\/et_pb_column][\/et_pb_row][et_pb_row column_structure=&#8221;1_3,1_3,1_3&#8243; make_equal=&#8221;on&#8221; _builder_version=&#8221;4.17.0&#8243; _module_preset=&#8221;default&#8221; max_width=&#8221;1280px&#8221; locked=&#8221;off&#8221; global_colors_info=&#8221;{}&#8221;][et_pb_column type=&#8221;1_3&#8243; _builder_version=&#8221;4.16&#8243; _module_preset=&#8221;default&#8221; global_colors_info=&#8221;{}&#8221;][et_pb_button button_url=&#8221;mailto:smg@unibis.es&#8221; button_text=&#8221;Envoyer un mail \u00e0 notre partenaire&#8221; button_alignment=&#8221;center&#8221; admin_label=&#8221;Email&#8221; _builder_version=&#8221;4.17.0&#8243; _module_preset=&#8221;default&#8221; custom_button=&#8221;on&#8221; button_text_size=&#8221;16px&#8221; button_use_icon=&#8221;off&#8221; animation_style=&#8221;slide&#8221; animation_direction=&#8221;top&#8221; animation_duration=&#8221;1500ms&#8221; animation_delay=&#8221;50ms&#8221; locked=&#8221;off&#8221; global_colors_info=&#8221;{}&#8221;][\/et_pb_button][\/et_pb_column][et_pb_column type=&#8221;1_3&#8243; _builder_version=&#8221;4.16&#8243; _module_preset=&#8221;default&#8221; global_colors_info=&#8221;{}&#8221;][et_pb_button button_url=&#8221;https:\/\/plataformasflotantes.com\/&#8221; url_new_window=&#8221;on&#8221; button_text=&#8221;Visitez le site de notre partenaire&#8221; button_alignment=&#8221;center&#8221; admin_label=&#8221;Site&#8221; _builder_version=&#8221;4.17.0&#8243; _module_preset=&#8221;default&#8221; custom_button=&#8221;on&#8221; button_text_size=&#8221;16px&#8221; button_use_icon=&#8221;off&#8221; animation_style=&#8221;slide&#8221; animation_direction=&#8221;top&#8221; animation_duration=&#8221;1500ms&#8221; animation_delay=&#8221;50ms&#8221; locked=&#8221;off&#8221; global_colors_info=&#8221;{}&#8221;][\/et_pb_button][\/et_pb_column][et_pb_column type=&#8221;1_3&#8243; _builder_version=&#8221;4.16&#8243; _module_preset=&#8221;default&#8221; global_colors_info=&#8221;{}&#8221;][et_pb_button button_url=&#8221;https:\/\/www.facebook.com\/profile.php?id=100058614803833&#8243; url_new_window=&#8221;on&#8221; button_text=&#8221;Visitez la page Facebook de notre partenaire&#8221; button_alignment=&#8221;center&#8221; admin_label=&#8221;Facebook&#8221; _builder_version=&#8221;4.23.1&#8243; _module_preset=&#8221;default&#8221; custom_button=&#8221;on&#8221; button_text_size=&#8221;16px&#8221; button_use_icon=&#8221;off&#8221; animation_style=&#8221;slide&#8221; animation_direction=&#8221;top&#8221; animation_duration=&#8221;1500ms&#8221; animation_delay=&#8221;50ms&#8221; locked=&#8221;off&#8221; global_colors_info=&#8221;{}&#8221;][\/et_pb_button][\/et_pb_column][\/et_pb_row][et_pb_row make_equal=&#8221;on&#8221; _builder_version=&#8221;4.17.0&#8243; _module_preset=&#8221;default&#8221; max_width=&#8221;1280px&#8221; locked=&#8221;off&#8221; global_colors_info=&#8221;{}&#8221;][et_pb_column type=&#8221;4_4&#8243; _builder_version=&#8221;4.16&#8243; _module_preset=&#8221;default&#8221; global_colors_info=&#8221;{}&#8221;][et_pb_gallery gallery_ids=&#8221;252985,252986,252987,252988,252990,252991,252992,252993,252994,252995,252996&#8243; posts_number=&#8221;8&#8243; _builder_version=&#8221;4.23.4&#8243; _module_preset=&#8221;default&#8221; width=&#8221;800px&#8221; width_tablet=&#8221;auto&#8221; width_phone=&#8221;auto&#8221; width_last_edited=&#8221;on|phone&#8221; module_alignment=&#8221;center&#8221; height=&#8221;600px&#8221; height_tablet=&#8221;auto&#8221; height_phone=&#8221;auto&#8221; height_last_edited=&#8221;on|phone&#8221; auto_speed=&#8221;2800&#8243; hover_enabled=&#8221;0&#8243; global_colors_info=&#8221;{}&#8221; show_title_and_caption=&#8221;off&#8221; sticky_enabled=&#8221;0&#8243;][\/et_pb_gallery][et_pb_button button_url=&#8221;@ET-DC@eyJkeW5hbWljIjp0cnVlLCJjb250ZW50IjoicG9zdF9saW5rX3VybF9wYWdlIiwic2V0dGluZ3MiOnsicG9zdF9pZCI6IjI0OTM0OCJ9fQ==@&#8221; button_text=&#8221;Voir tous nos partenaires&#8221; button_alignment=&#8221;center&#8221; admin_label=&#8221;Retour partenaires&#8221; _builder_version=&#8221;4.17.0&#8243; _dynamic_attributes=&#8221;button_url&#8221; _module_preset=&#8221;default&#8221; custom_button=&#8221;on&#8221; button_text_size=&#8221;20px&#8221; button_use_icon=&#8221;off&#8221; animation_style=&#8221;slide&#8221; animation_direction=&#8221;top&#8221; animation_duration=&#8221;1500ms&#8221; animation_delay=&#8221;50ms&#8221; locked=&#8221;off&#8221; global_colors_info=&#8221;{}&#8221;][\/et_pb_button][\/et_pb_column][\/et_pb_row][\/et_pb_section][et_pb_section fb_built=&#8221;1&#8243; _builder_version=&#8221;4.17.0&#8243; _module_preset=&#8221;default&#8221; z_index=&#8221;9&#8243; overflow-x=&#8221;visible&#8221; overflow-y=&#8221;visible&#8221; box_shadow_style=&#8221;preset3&#8243; locked=&#8221;off&#8221; global_colors_info=&#8221;{}&#8221;][et_pb_row use_custom_gutter=&#8221;on&#8221; make_equal=&#8221;on&#8221; _builder_version=&#8221;4.17.0&#8243; _module_preset=&#8221;default&#8221; max_width=&#8221;1280px&#8221; locked=&#8221;off&#8221; global_colors_info=&#8221;{}&#8221;][et_pb_column type=&#8221;4_4&#8243; _builder_version=&#8221;4.16&#8243; _module_preset=&#8221;default&#8221; global_colors_info=&#8221;{}&#8221;][et_pb_text admin_label=&#8221;Aller plus loin&#8221; _builder_version=&#8221;4.17.0&#8243; _module_preset=&#8221;default&#8221; header_2_text_color=&#8221;#32353A&#8221; header_2_font_size=&#8221;30px&#8221; header_3_font_size=&#8221;25px&#8221; text_orientation=&#8221;justified&#8221; animation_style=&#8221;slide&#8221; animation_direction=&#8221;top&#8221; header_2_font_size_tablet=&#8221;30px&#8221; header_2_font_size_phone=&#8221;24px&#8221; header_2_font_size_last_edited=&#8221;on|desktop&#8221; header_3_font_size_tablet=&#8221;25px&#8221; header_3_font_size_phone=&#8221;20px&#8221; header_3_font_size_last_edited=&#8221;on|desktop&#8221; global_colors_info=&#8221;{}&#8221;]<\/p>\n<h2><span style=\"color: #189fd8;\">A<\/span>ller plus loin&#8230;<\/h2>\n<p>[\/et_pb_text][et_pb_divider divider_position=&#8221;center&#8221; divider_weight=&#8221;2px&#8221; divider_weight_tablet=&#8221;2px&#8221; divider_weight_phone=&#8221;2px&#8221; divider_weight_last_edited=&#8221;on|desktop&#8221; _builder_version=&#8221;4.16&#8243; _module_preset=&#8221;default&#8221; width=&#8221;670px&#8221; width_last_edited=&#8221;off|desktop&#8221; module_alignment=&#8221;left&#8221; custom_padding=&#8221;||10px||false|false&#8221; animation_style=&#8221;fade&#8221; module_alignment_tablet=&#8221;center&#8221; module_alignment_phone=&#8221;center&#8221; module_alignment_last_edited=&#8221;on|tablet&#8221; locked=&#8221;off&#8221; global_colors_info=&#8221;{}&#8221;][\/et_pb_divider][\/et_pb_column][\/et_pb_row][et_pb_row column_structure=&#8221;1_2,1_2&#8243; use_custom_gutter=&#8221;on&#8221; make_equal=&#8221;on&#8221; _builder_version=&#8221;4.17.0&#8243; _module_preset=&#8221;default&#8221; max_width=&#8221;1280px&#8221; global_colors_info=&#8221;{}&#8221;][et_pb_column type=&#8221;1_2&#8243; _builder_version=&#8221;4.17.0&#8243; _module_preset=&#8221;default&#8221; global_colors_info=&#8221;{}&#8221;][et_pb_text admin_label=&#8221;Conseil devis&#8221; _builder_version=&#8221;4.17.0&#8243; _module_preset=&#8221;default&#8221; text_font_size=&#8221;16px&#8221; header_3_text_align=&#8221;center&#8221; header_3_font_size=&#8221;20px&#8221; header_3_line_height=&#8221;1.3em&#8221; header_4_text_align=&#8221;center&#8221; text_orientation=&#8221;center&#8221; global_colors_info=&#8221;{}&#8221;]<\/p>\n<h3>Un conseil ? Un devis ?<\/h3>\n<h4>Entrez directement en contact avec le partenaire de votre zone g\u00e9ographique.<\/h4>\n<p>Vous pouvez \u00e9galement <a href=\"https:\/\/www.marinefloor.fr\/contact\/\">nous contacter<\/a> et nous vous mettrons en relation avec lui. En cas d\u2019absence de partenaire local, nous prendrons directement en charge votre demande.<\/p>\n<p>[\/et_pb_text][\/et_pb_column][et_pb_column type=&#8221;1_2&#8243; _builder_version=&#8221;4.17.0&#8243; _module_preset=&#8221;default&#8221; global_colors_info=&#8221;{}&#8221;][et_pb_text admin_label=&#8221;nous rejoindre&#8221; _builder_version=&#8221;4.17.0&#8243; _module_preset=&#8221;default&#8221; text_font_size=&#8221;16px&#8221; header_3_text_align=&#8221;center&#8221; header_3_font_size=&#8221;20px&#8221; header_3_line_height=&#8221;1.3em&#8221; header_4_text_align=&#8221;center&#8221; text_orientation=&#8221;center&#8221; global_colors_info=&#8221;{}&#8221;]<\/p>\n<h3>Envie de nous rejoindre ?<\/h3>\n<h4>Contactez-nous pour en discuter et \u00e9valuer la faisabilit\u00e9 d\u2019un partenariat.<\/h4>\n<p>Nous sommes toujours en veille d\u2019acteurs implant\u00e9s et de confiance pour  d\u00e9velopper l\u2019utilisation sans limites de nos pontons flottants, pr\u00e9senter nos produits, les installer, les maintenir\u2026 <a href=\"https:\/\/www.marinefloor.fr\/contact\/\">Ecrivez-nous<\/a> ![\/et_pb_text][\/et_pb_column][\/et_pb_row][\/et_pb_section]<\/p>\n","protected":false},"excerpt":{"rendered":"<p>Espagne Santos est \u00e0 la t\u00eate de l\u2019entreprise Unibis, partenaire MarineFloor de la premi\u00e8re heure pour l\u2019Espagne. Sp\u00e9cialiste en pontons flottants modulaires, il d\u00e9ploit depuis plusieurs ann\u00e9es maintenant nos solutions sur la p\u00e9ninsule ib\u00e9rique. Ils ont mis en place (vente et location) plusieurs r\u00e9alisations majeures, en parall\u00e8le d\u2019installations techniques, BTP et portuaires (bases \u00e0 bateaux et \u00e0 jetskis, plateformes de travail, \u2026) comme : La passerelle de 250 m\u00e8tres du Festival de la Contrebande Des embarcad\u00e8res flottants dans de nombreuses localit\u00e9s, dont la f\u00e9ria Nautique d\u2019Alicante Un cin\u00e9ma sur l\u2019eau \u00e0 Alicante A la fois techniciens et installateurs, UNIBIS vous proposera nos solutions flottantes \u00e0 la vente comme \u00e0 la location, avec un service clefs en main : \u00e9tude technique, fourniture, installation et ancrage, gestion pendant votre \u00e9v\u00e9nement, d\u00e9montage\u2026 N\u2019h\u00e9sitez pas \u00e0 les contacter pour tout besoin flottant sur le territoire espagnol.Aller plus loin&#8230;Un conseil ? Un devis ? Entrez directement en contact avec le partenaire de votre zone g\u00e9ographique. Vous pouvez \u00e9galement nous contacter et nous vous mettrons en relation avec lui. En cas d\u2019absence de partenaire local, nous prendrons directement en charge votre demande.Envie de nous rejoindre ? Contactez-nous pour en discuter et \u00e9valuer la faisabilit\u00e9 d\u2019un partenariat. [&hellip;]<\/p>\n","protected":false},"author":1,"featured_media":0,"parent":254402,"menu_order":7,"comment_status":"closed","ping_status":"closed","template":"","meta":{"_et_pb_use_builder":"on","_et_pb_old_content":"","_et_gb_content_width":"","footnotes":""},"class_list":["post-254488","page","type-page","status-publish","hentry"],"aioseo_notices":[],"_links":{"self":[{"href":"https:\/\/www.marinefloor.fr\/en\/wp-json\/wp\/v2\/pages\/254488","targetHints":{"allow":["GET"]}}],"collection":[{"href":"https:\/\/www.marinefloor.fr\/en\/wp-json\/wp\/v2\/pages"}],"about":[{"href":"https:\/\/www.marinefloor.fr\/en\/wp-json\/wp\/v2\/types\/page"}],"author":[{"embeddable":true,"href":"https:\/\/www.marinefloor.fr\/en\/wp-json\/wp\/v2\/users\/1"}],"replies":[{"embeddable":true,"href":"https:\/\/www.marinefloor.fr\/en\/wp-json\/wp\/v2\/comments?post=254488"}],"version-history":[{"count":16,"href":"https:\/\/www.marinefloor.fr\/en\/wp-json\/wp\/v2\/pages\/254488\/revisions"}],"predecessor-version":[{"id":263481,"href":"https:\/\/www.marinefloor.fr\/en\/wp-json\/wp\/v2\/pages\/254488\/revisions\/263481"}],"up":[{"embeddable":true,"href":"https:\/\/www.marinefloor.fr\/en\/wp-json\/wp\/v2\/pages\/254402"}],"wp:attachment":[{"href":"https:\/\/www.marinefloor.fr\/en\/wp-json\/wp\/v2\/media?parent=254488"}],"curies":[{"name":"wp","href":"https:\/\/api.w.org\/{rel}","templated":true}]}}