{"id":258938,"date":"2022-04-15T11:55:14","date_gmt":"2022-04-15T09:55:14","guid":{"rendered":"https:\/\/www.marinefloor.fr\/?page_id=258938"},"modified":"2024-01-22T15:52:45","modified_gmt":"2024-01-22T14:52:45","slug":"boaz-concept","status":"publish","type":"page","link":"https:\/\/www.marinefloor.fr\/es\/nuestros-companeros\/boaz-concept\/","title":{"rendered":"Boaz Concept"},"content":{"rendered":"<p>[et_pb_section fb_built=\u00bb1&#8243; fullwidth=\u00bbon\u00bb _builder_version=\u00bb4.16&#8243; _module_preset=\u00bbdefault\u00bb custom_margin=\u00bb0px||||false|false\u00bb global_colors_info=\u00bb{}\u00bb][et_pb_fullwidth_header title=\u00bbBoaz Concept\u00bb header_fullscreen=\u00bbon\u00bb header_scroll_down=\u00bbon\u00bb scroll_down_icon=\u00bb%%1%%\u00bb scroll_down_icon_color=\u00bb#FFFFFF\u00bb background_overlay_color=\u00bbrgba(0,0,0,0.15)\u00bb _builder_version=\u00bb4.17.0&#8243; _module_preset=\u00bbdefault\u00bb title_text_align=\u00bbcenter\u00bb title_font_size=\u00bb40px\u00bb background_image=\u00bbhttps:\/\/www.marinefloor.fr\/wp-content\/uploads\/pontons-flottants-modulaire-marinefloor-boaz-concept.jpg\u00bb parallax=\u00bbon\u00bb title_font_size_tablet=\u00bb40px\u00bb title_font_size_phone=\u00bb32px\u00bb title_font_size_last_edited=\u00bbon|desktop\u00bb title_text_shadow_style=\u00bbpreset5&#8243; title_text_shadow_horizontal_length=\u00bb0.03em\u00bb title_text_shadow_vertical_length=\u00bb0.03em\u00bb global_colors_info=\u00bb{}\u00bb][\/et_pb_fullwidth_header][\/et_pb_section][et_pb_section fb_built=\u00bb1&#8243; _builder_version=\u00bb4.17.0&#8243; _module_preset=\u00bbdefault\u00bb background_enable_color=\u00bboff\u00bb background_color_gradient_direction=\u00bb360deg\u00bb background_color_gradient_start=\u00bbrgba(50,53,58,0.7)\u00bb background_color_gradient_end=\u00bbrgba(50,53,58,0.2)\u00bb z_index=\u00bb99999&#8243; overflow-x=\u00bbvisible\u00bb overflow-y=\u00bbvisible\u00bb animation_style=\u00bbfade\u00bb animation_duration=\u00bb2500ms\u00bb box_shadow_style=\u00bbpreset3&#8243; global_colors_info=\u00bb{}\u00bb][et_pb_row column_structure=\u00bb1_2,1_2&#8243; make_equal=\u00bbon\u00bb _builder_version=\u00bb4.17.0&#8243; _module_preset=\u00bbdefault\u00bb max_width=\u00bb1280px\u00bb locked=\u00bboff\u00bb global_colors_info=\u00bb{}\u00bb][et_pb_column type=\u00bb1_2&#8243; _builder_version=\u00bb4.16&#8243; _module_preset=\u00bbdefault\u00bb global_colors_info=\u00bb{}\u00bb][et_pb_image src=\u00bbhttps:\/\/www.marinefloor.fr\/wp-content\/uploads\/logo-boaz-concept-1.png\u00bb alt=\u00bbBoaz Concept &#8211; Partenaire dans le Nord, France\u00bb title_text=\u00bblogo-boaz-concept\u00bb align=\u00bbcenter\u00bb _builder_version=\u00bb4.23.1&#8243; _module_preset=\u00bbdefault\u00bb animation_style=\u00bbflip\u00bb box_shadow_style=\u00bbpreset1&#8243; global_colors_info=\u00bb{}\u00bb][\/et_pb_image][et_pb_text _builder_version=\u00bb4.23.4&#8243; _module_preset=\u00bbdefault\u00bb text_text_color=\u00bb#666666&#8243; text_font_size=\u00bb16px\u00bb text_orientation=\u00bbcenter\u00bb animation_style=\u00bbfade\u00bb animation_delay=\u00bb100ms\u00bb locked=\u00bboff\u00bb global_colors_info=\u00bb{}\u00bb]<strong>Francia<\/strong><br \/>\nNorte e \u00cele-de-France<\/p>\n<p><img loading=\"lazy\" decoding=\"async\" class=\"wp-image-249503 aligncenter size-full\" src=\"https:\/\/www.marinefloor.fr\/wp-content\/uploads\/drapeau-fr.jpg\" alt=\"Partenaires MarineFloor France\" width=\"80\" height=\"54\" \/>[\/et_pb_text][\/et_pb_column][et_pb_column type=\u00bb1_2&#8243; _builder_version=\u00bb4.16&#8243; _module_preset=\u00bbdefault\u00bb global_colors_info=\u00bb{}\u00bb][et_pb_text _builder_version=\u00bb4.23.4&#8243; _module_preset=\u00bbdefault\u00bb text_text_color=\u00bb#666666&#8243; text_font_size=\u00bb16px\u00bb header_6_font_size=\u00bb20px\u00bb text_orientation=\u00bbjustified\u00bb animation_style=\u00bbfade\u00bb animation_delay=\u00bb100ms\u00bb global_colors_info=\u00bb{}\u00bb]<\/p>\n<div class=\"page\" title=\"Page 10\">\n<div class=\"layoutArea\">\n<div class=\"column\">\n<p><strong>BOAZ CONCEPT, socio de Marinefloor Europe para el Norte y Ile-de-France<\/strong>, es una empresa familiar especializada en el alquiler y la venta de material de ocio en Francia y Europa.<\/p>\n<p><strong>Creada en 1999 por Anne y Alain Comyn,<\/strong> antiguos campeones del mundo de catamaranes deportivos, <strong>la empresa es reconocida por su fiabilidad, la competencia de sus equipos y la calidad de sus productos y servicios.<\/strong><\/p>\n<p><strong>Pionero en la gestio\u0301n de playas urbanas<\/strong> hace unos quince an\u0303os, BOAZ CONCEPT atiende a sus clientes en <strong>equipamiento na\u0301utico<\/strong>, <strong>juegos acua\u0301ticos y actividades de ocio invernal.<\/strong><\/p>\n<p>Boaz Concept confi\u0301a en las <strong>soluciones flotantes de MarineFloor<\/strong> de forma complementaria o exclusiva.<br \/>No dude en contactarlo para cualquier proyecto en las regiones Norte e Isla de Francia, ya sea para compra o alquiler.<\/p>\n<\/div>\n<\/div>\n<\/div>\n<p>[\/et_pb_text][\/et_pb_column][\/et_pb_row][et_pb_row column_structure=\u00bb1_3,1_3,1_3&#8243; make_equal=\u00bbon\u00bb _builder_version=\u00bb4.17.0&#8243; _module_preset=\u00bbdefault\u00bb max_width=\u00bb1280px\u00bb locked=\u00bboff\u00bb global_colors_info=\u00bb{}\u00bb][et_pb_column type=\u00bb1_3&#8243; _builder_version=\u00bb4.16&#8243; _module_preset=\u00bbdefault\u00bb global_colors_info=\u00bb{}\u00bb][et_pb_button button_url=\u00bbmailto:boazconcept@gmail.com\u00bb button_text=\u00bbEnv\u00eda un correo electr\u00f3nico a nuestro socio\u00bb button_alignment=\u00bbcenter\u00bb admin_label=\u00bbEmail\u00bb _builder_version=\u00bb4.23.4&#8243; _module_preset=\u00bbdefault\u00bb custom_button=\u00bbon\u00bb button_text_size=\u00bb16px\u00bb button_use_icon=\u00bboff\u00bb animation_style=\u00bbslide\u00bb animation_direction=\u00bbtop\u00bb animation_duration=\u00bb1500ms\u00bb animation_delay=\u00bb50ms\u00bb locked=\u00bboff\u00bb global_colors_info=\u00bb{}\u00bb][\/et_pb_button][\/et_pb_column][et_pb_column type=\u00bb1_3&#8243; _builder_version=\u00bb4.16&#8243; _module_preset=\u00bbdefault\u00bb global_colors_info=\u00bb{}\u00bb][et_pb_button button_url=\u00bbhttps:\/\/www.boaz-concept.fr\/\u00bb url_new_window=\u00bbon\u00bb button_text=\u00bbVisite el sitio web de nuestro socio\u00bb button_alignment=\u00bbcenter\u00bb admin_label=\u00bbSite\u00bb _builder_version=\u00bb4.23.4&#8243; _module_preset=\u00bbdefault\u00bb custom_button=\u00bbon\u00bb button_text_size=\u00bb16px\u00bb button_use_icon=\u00bboff\u00bb animation_style=\u00bbslide\u00bb animation_direction=\u00bbtop\u00bb animation_duration=\u00bb1500ms\u00bb animation_delay=\u00bb50ms\u00bb locked=\u00bboff\u00bb global_colors_info=\u00bb{}\u00bb][\/et_pb_button][\/et_pb_column][et_pb_column type=\u00bb1_3&#8243; _builder_version=\u00bb4.16&#8243; _module_preset=\u00bbdefault\u00bb global_colors_info=\u00bb{}\u00bb][et_pb_button button_url=\u00bbhttps:\/\/www.facebook.com\/BoazConcept\/\u00bb url_new_window=\u00bbon\u00bb button_text=\u00bbVisita la p\u00e1gina de Facebook de nuestro socio\u00bb button_alignment=\u00bbcenter\u00bb admin_label=\u00bbFacebook\u00bb _builder_version=\u00bb4.23.4&#8243; _module_preset=\u00bbdefault\u00bb custom_button=\u00bbon\u00bb button_text_size=\u00bb16px\u00bb button_use_icon=\u00bboff\u00bb animation_style=\u00bbslide\u00bb animation_direction=\u00bbtop\u00bb animation_duration=\u00bb1500ms\u00bb animation_delay=\u00bb50ms\u00bb locked=\u00bboff\u00bb global_colors_info=\u00bb{}\u00bb][\/et_pb_button][\/et_pb_column][\/et_pb_row][et_pb_row make_equal=\u00bbon\u00bb _builder_version=\u00bb4.17.0&#8243; _module_preset=\u00bbdefault\u00bb max_width=\u00bb1280px\u00bb locked=\u00bboff\u00bb global_colors_info=\u00bb{}\u00bb][et_pb_column type=\u00bb4_4&#8243; _builder_version=\u00bb4.16&#8243; _module_preset=\u00bbdefault\u00bb global_colors_info=\u00bb{}\u00bb][et_pb_gallery gallery_ids=\u00bb260124,260126,260128,260130,260132&#8243; posts_number=\u00bb8&#8243; _builder_version=\u00bb4.23.4&#8243; _module_preset=\u00bbdefault\u00bb width=\u00bb800px\u00bb width_tablet=\u00bbauto\u00bb width_phone=\u00bbauto\u00bb width_last_edited=\u00bbon|phone\u00bb module_alignment=\u00bbcenter\u00bb height=\u00bb600px\u00bb height_tablet=\u00bbauto\u00bb height_phone=\u00bbauto\u00bb height_last_edited=\u00bbon|phone\u00bb auto_speed=\u00bb2800&#8243; hover_enabled=\u00bb0&#8243; global_colors_info=\u00bb{}\u00bb show_title_and_caption=\u00bboff\u00bb sticky_enabled=\u00bb0&#8243;][\/et_pb_gallery][et_pb_button button_url=\u00bb@ET-DC@eyJkeW5hbWljIjp0cnVlLCJjb250ZW50IjoicG9zdF9saW5rX3VybF9wYWdlIiwic2V0dGluZ3MiOnsicG9zdF9pZCI6IjI0OTM0OCJ9fQ==@\u00bb button_text=\u00bbVer todos nuestros socios\u00bb button_alignment=\u00bbcenter\u00bb admin_label=\u00bbRetour partenaires\u00bb _builder_version=\u00bb4.23.4&#8243; _dynamic_attributes=\u00bbbutton_url\u00bb _module_preset=\u00bbdefault\u00bb custom_button=\u00bbon\u00bb button_text_size=\u00bb20px\u00bb button_use_icon=\u00bboff\u00bb animation_style=\u00bbslide\u00bb animation_direction=\u00bbtop\u00bb animation_duration=\u00bb1500ms\u00bb animation_delay=\u00bb50ms\u00bb locked=\u00bboff\u00bb global_colors_info=\u00bb{}\u00bb][\/et_pb_button][\/et_pb_column][\/et_pb_row][\/et_pb_section][et_pb_section fb_built=\u00bb1&#8243; _builder_version=\u00bb4.17.0&#8243; _module_preset=\u00bbdefault\u00bb z_index=\u00bb9&#8243; overflow-x=\u00bbvisible\u00bb overflow-y=\u00bbvisible\u00bb box_shadow_style=\u00bbpreset3&#8243; global_module=\u00bb263429&#8243; locked=\u00bboff\u00bb global_colors_info=\u00bb{}\u00bb][et_pb_row use_custom_gutter=\u00bbon\u00bb make_equal=\u00bbon\u00bb _builder_version=\u00bb4.17.0&#8243; _module_preset=\u00bbdefault\u00bb max_width=\u00bb1280px\u00bb locked=\u00bboff\u00bb global_colors_info=\u00bb{}\u00bb][et_pb_column type=\u00bb4_4&#8243; _builder_version=\u00bb4.16&#8243; _module_preset=\u00bbdefault\u00bb global_colors_info=\u00bb{}\u00bb][et_pb_text admin_label=\u00bbAller plus loin\u00bb _builder_version=\u00bb4.23.4&#8243; _module_preset=\u00bbdefault\u00bb header_2_text_color=\u00bb#32353A\u00bb header_2_font_size=\u00bb30px\u00bb header_3_font_size=\u00bb25px\u00bb text_orientation=\u00bbjustified\u00bb animation_style=\u00bbslide\u00bb animation_direction=\u00bbtop\u00bb header_2_font_size_tablet=\u00bb30px\u00bb header_2_font_size_phone=\u00bb24px\u00bb header_2_font_size_last_edited=\u00bbon|desktop\u00bb header_3_font_size_tablet=\u00bb25px\u00bb header_3_font_size_phone=\u00bb20px\u00bb header_3_font_size_last_edited=\u00bbon|desktop\u00bb global_colors_info=\u00bb{}\u00bb]<\/p>\n<h2><span style=\"color: #189fd8;\">I<\/span>r m\u00e1s lejos<\/h2>\n<p>[\/et_pb_text][et_pb_divider divider_position=\u00bbcenter\u00bb divider_weight=\u00bb2px\u00bb divider_weight_tablet=\u00bb2px\u00bb divider_weight_phone=\u00bb2px\u00bb divider_weight_last_edited=\u00bbon|desktop\u00bb _builder_version=\u00bb4.17.3&#8243; _module_preset=\u00bbdefault\u00bb width=\u00bb670px\u00bb width_tablet=\u00bbauto\u00bb width_phone=\u00bbauto\u00bb width_last_edited=\u00bbon|desktop\u00bb module_alignment=\u00bbleft\u00bb custom_padding=\u00bb||10px||false|false\u00bb animation_style=\u00bbfade\u00bb module_alignment_tablet=\u00bbcenter\u00bb module_alignment_phone=\u00bbcenter\u00bb module_alignment_last_edited=\u00bboff|desktop\u00bb locked=\u00bboff\u00bb global_colors_info=\u00bb{}\u00bb][\/et_pb_divider][\/et_pb_column][\/et_pb_row][et_pb_row column_structure=\u00bb1_2,1_2&#8243; use_custom_gutter=\u00bbon\u00bb make_equal=\u00bbon\u00bb _builder_version=\u00bb4.17.0&#8243; _module_preset=\u00bbdefault\u00bb max_width=\u00bb1280px\u00bb global_colors_info=\u00bb{}\u00bb][et_pb_column type=\u00bb1_2&#8243; _builder_version=\u00bb4.17.0&#8243; _module_preset=\u00bbdefault\u00bb global_colors_info=\u00bb{}\u00bb][et_pb_text admin_label=\u00bbConseil devis\u00bb _builder_version=\u00bb4.23.4&#8243; _module_preset=\u00bbdefault\u00bb text_font_size=\u00bb16px\u00bb header_3_text_align=\u00bbcenter\u00bb header_3_font_size=\u00bb20px\u00bb header_3_line_height=\u00bb1.3em\u00bb header_4_text_align=\u00bbcenter\u00bb text_orientation=\u00bbcenter\u00bb global_colors_info=\u00bb{}\u00bb]<\/p>\n<h3>Un consejo ? Un presupuesto ? ?<\/h3>\n<h4>Ponte en contacto directamente con el socio de tu zona geogr\u00e1fica.<\/h4>\n<p>Tambi\u00e9n puedes <a href=\"https:\/\/www.marinefloor.fr\/contact\/\">contactar<\/a> econ nosotros y te pondremos en contacto con \u00e9l. Si no hay ning\u00fan socio local, nos ocuparemos de su solicitud directamente.<\/p>\n<p>[\/et_pb_text][\/et_pb_column][et_pb_column type=\u00bb1_2&#8243; _builder_version=\u00bb4.17.0&#8243; _module_preset=\u00bbdefault\u00bb global_colors_info=\u00bb{}\u00bb][et_pb_text admin_label=\u00bbnous rejoindre\u00bb _builder_version=\u00bb4.23.4&#8243; _module_preset=\u00bbdefault\u00bb text_font_size=\u00bb16px\u00bb header_3_text_align=\u00bbcenter\u00bb header_3_font_size=\u00bb20px\u00bb header_3_line_height=\u00bb1.3em\u00bb header_4_text_align=\u00bbcenter\u00bb text_orientation=\u00bbcenter\u00bb global_colors_info=\u00bb{}\u00bb]<\/p>\n<h3>\u00bfQuieres unirte a nosotros ?<\/h3>\n<h4>Cont\u00e1ctenos para discutirlo y evaluar la viabilidad de una asociaci\u00f3n.<\/h4>\n<p>Siempre estamos buscando actores establecidos y de confianza para desarrollar el uso ilimitado de nuestros pontones flotantes, presentar nuestros productos, instalarlos, mantenerlos&#8230; \u00a1Escr\u00edbanos! !<\/p>\n<p>[\/et_pb_text][\/et_pb_column][\/et_pb_row][\/et_pb_section]<\/p>\n","protected":false},"excerpt":{"rendered":"<p>Francia Norte e \u00cele-de-France BOAZ CONCEPT, socio de Marinefloor Europe para el Norte y Ile-de-France, es una empresa familiar especializada en el alquiler y la venta de material de ocio en Francia y Europa. Creada en 1999 por Anne y Alain Comyn, antiguos campeones del mundo de catamaranes deportivos, la empresa es reconocida por su fiabilidad, la competencia de sus equipos y la calidad de sus productos y servicios. Pionero en la gestio\u0301n de playas urbanas hace unos quince an\u0303os, BOAZ CONCEPT atiende a sus clientes en equipamiento na\u0301utico, juegos acua\u0301ticos y actividades de ocio invernal. Boaz Concept confi\u0301a en las soluciones flotantes de MarineFloor de forma complementaria o exclusiva.No dude en contactarlo para cualquier proyecto en las regiones Norte e Isla de Francia, ya sea para compra o alquiler. Ir m\u00e1s lejosUn consejo ? Un presupuesto ? ? Ponte en contacto directamente con el socio de tu zona geogr\u00e1fica. Tambi\u00e9n puedes contactar econ nosotros y te pondremos en contacto con \u00e9l. Si no hay ning\u00fan socio local, nos ocuparemos de su solicitud directamente.\u00bfQuieres unirte a nosotros ? Cont\u00e1ctenos para discutirlo y evaluar la viabilidad de una asociaci\u00f3n. Siempre estamos buscando actores establecidos y de confianza para desarrollar el uso [&hellip;]<\/p>\n","protected":false},"author":2,"featured_media":0,"parent":258909,"menu_order":2,"comment_status":"closed","ping_status":"closed","template":"","meta":{"_et_pb_use_builder":"on","_et_pb_old_content":"<p>[et_pb_section fb_built=\"1\" fullwidth=\"on\" _builder_version=\"4.16\" _module_preset=\"default\" custom_margin=\"0px||||false|false\" global_colors_info=\"{}\"][et_pb_fullwidth_header title=\"Boaz Concept\" header_fullscreen=\"on\" header_scroll_down=\"on\" scroll_down_icon=\"%%1%%\" scroll_down_icon_color=\"#FFFFFF\" background_overlay_color=\"rgba(0,0,0,0.15)\" _builder_version=\"4.17.0\" _module_preset=\"default\" title_text_align=\"center\" title_font_size=\"40px\" background_image=\"https:\/\/www.marinefloor.fr\/wp-content\/uploads\/pontons-flottants-modulaire-marinefloor-boaz-concept.jpg\" parallax=\"on\" title_font_size_tablet=\"40px\" title_font_size_phone=\"32px\" title_font_size_last_edited=\"on|desktop\" title_text_shadow_style=\"preset5\" title_text_shadow_horizontal_length=\"0.03em\" title_text_shadow_vertical_length=\"0.03em\" global_colors_info=\"{}\"][\/et_pb_fullwidth_header][\/et_pb_section][et_pb_section fb_built=\"1\" _builder_version=\"4.17.0\" _module_preset=\"default\" background_enable_color=\"off\" background_color_gradient_direction=\"360deg\" background_color_gradient_start=\"rgba(50,53,58,0.7)\" background_color_gradient_end=\"rgba(50,53,58,0.2)\" z_index=\"99999\" overflow-x=\"visible\" overflow-y=\"visible\" animation_style=\"fade\" animation_duration=\"2500ms\" box_shadow_style=\"preset3\" global_colors_info=\"{}\"][et_pb_row column_structure=\"1_2,1_2\" make_equal=\"on\" _builder_version=\"4.17.0\" _module_preset=\"default\" max_width=\"1280px\" locked=\"off\" global_colors_info=\"{}\"][et_pb_column type=\"1_2\" _builder_version=\"4.16\" _module_preset=\"default\" global_colors_info=\"{}\"][et_pb_image src=\"https:\/\/www.marinefloor.fr\/wp-content\/uploads\/logo-boaz-concept-1.png\" alt=\"Boaz Concept - Partenaire dans le Nord, France\" title_text=\"logo-boaz-concept\" align=\"center\" _builder_version=\"4.23.1\" _module_preset=\"default\" animation_style=\"flip\" hover_enabled=\"0\" box_shadow_style=\"preset1\" global_colors_info=\"{}\" sticky_enabled=\"0\"][\/et_pb_image][et_pb_text _builder_version=\"4.17.0\" _module_preset=\"default\" text_text_color=\"#666666\" text_font_size=\"16px\" text_orientation=\"center\" animation_style=\"fade\" animation_delay=\"100ms\" locked=\"off\" global_colors_info=\"{}\"]<\/p><p><strong>France<\/strong><br \/>Nord et \u00cele-de-France<\/p><p><img class=\"wp-image-249503 aligncenter size-full\" src=\"https:\/\/www.marinefloor.fr\/wp-content\/uploads\/drapeau-fr.jpg\" alt=\"Partenaires MarineFloor France\" width=\"80\" height=\"54\" \/><\/p><p>[\/et_pb_text][\/et_pb_column][et_pb_column type=\"1_2\" _builder_version=\"4.16\" _module_preset=\"default\" global_colors_info=\"{}\"][et_pb_text _builder_version=\"4.17.0\" _module_preset=\"default\" text_text_color=\"#666666\" text_font_size=\"16px\" header_6_font_size=\"20px\" text_orientation=\"justified\" animation_style=\"fade\" animation_delay=\"100ms\" global_colors_info=\"{}\"]<\/p><p><strong>BOAZ CONCEPT, partenaire de Marinefloor Europe pour le Nord et l\u2019Ile-de-France<\/strong>, est une entreprise familiale sp\u00e9cialis\u00e9e dans la location et la vente d\u2019\u00e9quipements de loisirs en France et en Europe.<\/p><p><strong>Cr\u00e9\u00e9e en 1999 par Anne et Alain Comyn<\/strong>, anciens champions du monde de catamaran de sport, <strong>l\u2019entreprise est reconnue pour sa fiabilit\u00e9, la comp\u00e9tence de ses \u00e9quipes et la qualit\u00e9 de ses produits et de ses prestations<\/strong>.<\/p><p><strong>Pionni\u00e8re dans la gestion de plages en ville<\/strong> il y a une quinzaine d\u2019ann\u00e9es, BOAZ CONCEPT est au service de ses clients dans les <strong>\u00e9quipements nautiques<\/strong>, les <strong>jeux aquatiques<\/strong> et les <strong>loisirs d\u2019hiver<\/strong>.<\/p><p>Boaz Concept s\u2019appuie sur les <strong>solutions flottantes MarineFloor<\/strong> de fa\u00e7on compl\u00e9mentaire ou exclusive.<\/p><p>N\u2019h\u00e9sitez pas \u00e0 le contacter pour tout projet dans les r\u00e9gions Nord et Ile De France, \u00e0 l\u2019achat ou \u00e0 la location.<\/p><p>[\/et_pb_text][\/et_pb_column][\/et_pb_row][et_pb_row column_structure=\"1_3,1_3,1_3\" make_equal=\"on\" _builder_version=\"4.17.0\" _module_preset=\"default\" max_width=\"1280px\" locked=\"off\" global_colors_info=\"{}\"][et_pb_column type=\"1_3\" _builder_version=\"4.16\" _module_preset=\"default\" global_colors_info=\"{}\"][et_pb_button button_url=\"mailto:boazconcept@gmail.com\" button_text=\"Envoyer un mail \u00e0 notre partenaire\" button_alignment=\"center\" admin_label=\"Email\" _builder_version=\"4.17.0\" _module_preset=\"default\" custom_button=\"on\" button_text_size=\"16px\" button_use_icon=\"off\" animation_style=\"slide\" animation_direction=\"top\" animation_duration=\"1500ms\" animation_delay=\"50ms\" locked=\"off\" global_colors_info=\"{}\"][\/et_pb_button][\/et_pb_column][et_pb_column type=\"1_3\" _builder_version=\"4.16\" _module_preset=\"default\" global_colors_info=\"{}\"][et_pb_button button_url=\"https:\/\/www.boaz-concept.fr\/\" url_new_window=\"on\" button_text=\"Visitez le site de notre partenaire\" button_alignment=\"center\" admin_label=\"Site\" _builder_version=\"4.17.0\" _module_preset=\"default\" custom_button=\"on\" button_text_size=\"16px\" button_use_icon=\"off\" animation_style=\"slide\" animation_direction=\"top\" animation_duration=\"1500ms\" animation_delay=\"50ms\" locked=\"off\" global_colors_info=\"{}\"][\/et_pb_button][\/et_pb_column][et_pb_column type=\"1_3\" _builder_version=\"4.16\" _module_preset=\"default\" global_colors_info=\"{}\"][et_pb_button button_url=\"https:\/\/www.facebook.com\/BoazConcept\/\" url_new_window=\"on\" button_text=\"Visitez la page Facebook de notre partenaire\" button_alignment=\"center\" admin_label=\"Facebook\" _builder_version=\"4.17.0\" _module_preset=\"default\" custom_button=\"on\" button_text_size=\"16px\" button_use_icon=\"off\" animation_style=\"slide\" animation_direction=\"top\" animation_duration=\"1500ms\" animation_delay=\"50ms\" locked=\"off\" global_colors_info=\"{}\"][\/et_pb_button][\/et_pb_column][\/et_pb_row][et_pb_row make_equal=\"on\" _builder_version=\"4.17.0\" _module_preset=\"default\" max_width=\"1280px\" locked=\"off\" global_colors_info=\"{}\"][et_pb_column type=\"4_4\" _builder_version=\"4.16\" _module_preset=\"default\" global_colors_info=\"{}\"][et_pb_gallery gallery_ids=\"249770,249771,249772,249773,249774\" fullwidth=\"on\" _builder_version=\"4.17.4\" _module_preset=\"default\" width=\"800px\" width_tablet=\"auto\" width_phone=\"auto\" width_last_edited=\"on|phone\" module_alignment=\"center\" height=\"600px\" height_tablet=\"auto\" height_phone=\"auto\" height_last_edited=\"on|phone\" auto=\"on\" auto_speed=\"2800\" global_colors_info=\"{}\"][\/et_pb_gallery][et_pb_button button_url=\"@ET-DC@eyJkeW5hbWljIjp0cnVlLCJjb250ZW50IjoicG9zdF9saW5rX3VybF9wYWdlIiwic2V0dGluZ3MiOnsicG9zdF9pZCI6IjI0OTM0OCJ9fQ==@\" button_text=\"Voir tous nos partenaires\" button_alignment=\"center\" admin_label=\"Retour partenaires\" _builder_version=\"4.17.0\" _dynamic_attributes=\"button_url\" _module_preset=\"default\" custom_button=\"on\" button_text_size=\"20px\" button_use_icon=\"off\" animation_style=\"slide\" animation_direction=\"top\" animation_duration=\"1500ms\" animation_delay=\"50ms\" locked=\"off\" global_colors_info=\"{}\"][\/et_pb_button][\/et_pb_column][\/et_pb_row][\/et_pb_section][et_pb_section fb_built=\"1\" _builder_version=\"4.17.0\" _module_preset=\"default\" z_index=\"9\" overflow-x=\"visible\" overflow-y=\"visible\" box_shadow_style=\"preset3\" locked=\"off\" global_colors_info=\"{}\"][et_pb_row use_custom_gutter=\"on\" make_equal=\"on\" _builder_version=\"4.17.0\" _module_preset=\"default\" max_width=\"1280px\" locked=\"off\" global_colors_info=\"{}\"][et_pb_column type=\"4_4\" _builder_version=\"4.16\" _module_preset=\"default\" global_colors_info=\"{}\"][et_pb_text admin_label=\"Aller plus loin\" _builder_version=\"4.17.0\" _module_preset=\"default\" header_2_text_color=\"#32353A\" header_2_font_size=\"30px\" header_3_font_size=\"25px\" text_orientation=\"justified\" animation_style=\"slide\" animation_direction=\"top\" header_2_font_size_tablet=\"30px\" header_2_font_size_phone=\"24px\" header_2_font_size_last_edited=\"on|desktop\" header_3_font_size_tablet=\"25px\" header_3_font_size_phone=\"20px\" header_3_font_size_last_edited=\"on|desktop\" global_colors_info=\"{}\"]<\/p><h2><span style=\"color: #189fd8;\">A<\/span>ller plus loin...<\/h2><p>[\/et_pb_text][et_pb_divider divider_position=\"center\" divider_weight=\"2px\" divider_weight_tablet=\"2px\" divider_weight_phone=\"2px\" divider_weight_last_edited=\"on|desktop\" _builder_version=\"4.16\" _module_preset=\"default\" width=\"670px\" width_last_edited=\"off|desktop\" module_alignment=\"left\" custom_padding=\"||10px||false|false\" animation_style=\"fade\" module_alignment_tablet=\"center\" module_alignment_phone=\"center\" module_alignment_last_edited=\"on|tablet\" locked=\"off\" global_colors_info=\"{}\"][\/et_pb_divider][\/et_pb_column][\/et_pb_row][et_pb_row column_structure=\"1_2,1_2\" use_custom_gutter=\"on\" make_equal=\"on\" _builder_version=\"4.17.0\" _module_preset=\"default\" max_width=\"1280px\" global_colors_info=\"{}\"][et_pb_column type=\"1_2\" _builder_version=\"4.17.0\" _module_preset=\"default\" global_colors_info=\"{}\"][et_pb_text admin_label=\"Conseil devis\" _builder_version=\"4.17.0\" _module_preset=\"default\" text_font_size=\"16px\" header_3_text_align=\"center\" header_3_font_size=\"20px\" header_3_line_height=\"1.3em\" header_4_text_align=\"center\" text_orientation=\"center\" global_colors_info=\"{}\"]<\/p><h3>Un conseil ? Un devis ?<\/h3><h4>Entrez directement en contact avec le partenaire de votre zone g\u00e9ographique.<\/h4><p>Vous pouvez \u00e9galement <a href=\"\/?page_id=249361\">nous contacter<\/a> et nous vous mettrons en relation avec lui. En cas d\u2019absence de partenaire local, nous prendrons directement en charge votre demande.<\/p><p>[\/et_pb_text][\/et_pb_column][et_pb_column type=\"1_2\" _builder_version=\"4.17.0\" _module_preset=\"default\" global_colors_info=\"{}\"][et_pb_text admin_label=\"nous rejoindre\" _builder_version=\"4.17.0\" _module_preset=\"default\" text_font_size=\"16px\" header_3_text_align=\"center\" header_3_font_size=\"20px\" header_3_line_height=\"1.3em\" header_4_text_align=\"center\" text_orientation=\"center\" global_colors_info=\"{}\"]<\/p><h3>Envie de nous rejoindre ?<\/h3><h4>Contactez-nous pour en discuter et \u00e9valuer la faisabilit\u00e9 d\u2019un partenariat.<\/h4><p>Nous sommes toujours en veille d\u2019acteurs implant\u00e9s et de confiance pour d\u00e9velopper l\u2019utilisation sans limites de nos pontons flottants, pr\u00e9senter nos produits, les installer, les maintenir\u2026 <a href=\"\/?page_id=249361\">Ecrivez-nous<\/a> ![\/et_pb_text][\/et_pb_column][\/et_pb_row][\/et_pb_section]<\/p>","_et_gb_content_width":"","footnotes":""},"class_list":["post-258938","page","type-page","status-publish","hentry"],"aioseo_notices":[],"_links":{"self":[{"href":"https:\/\/www.marinefloor.fr\/es\/wp-json\/wp\/v2\/pages\/258938","targetHints":{"allow":["GET"]}}],"collection":[{"href":"https:\/\/www.marinefloor.fr\/es\/wp-json\/wp\/v2\/pages"}],"about":[{"href":"https:\/\/www.marinefloor.fr\/es\/wp-json\/wp\/v2\/types\/page"}],"author":[{"embeddable":true,"href":"https:\/\/www.marinefloor.fr\/es\/wp-json\/wp\/v2\/users\/2"}],"replies":[{"embeddable":true,"href":"https:\/\/www.marinefloor.fr\/es\/wp-json\/wp\/v2\/comments?post=258938"}],"version-history":[{"count":6,"href":"https:\/\/www.marinefloor.fr\/es\/wp-json\/wp\/v2\/pages\/258938\/revisions"}],"predecessor-version":[{"id":263457,"href":"https:\/\/www.marinefloor.fr\/es\/wp-json\/wp\/v2\/pages\/258938\/revisions\/263457"}],"up":[{"embeddable":true,"href":"https:\/\/www.marinefloor.fr\/es\/wp-json\/wp\/v2\/pages\/258909"}],"wp:attachment":[{"href":"https:\/\/www.marinefloor.fr\/es\/wp-json\/wp\/v2\/media?parent=258938"}],"curies":[{"name":"wp","href":"https:\/\/api.w.org\/{rel}","templated":true}]}}