{"id":259132,"date":"2022-04-15T12:03:56","date_gmt":"2022-04-15T10:03:56","guid":{"rendered":"https:\/\/www.marinefloor.fr\/nuestros-companeros\/marinefloor-caraibes\/"},"modified":"2024-01-22T15:54:30","modified_gmt":"2024-01-22T14:54:30","slug":"marinefloor-caraibes","status":"publish","type":"page","link":"https:\/\/www.marinefloor.fr\/es\/nuestros-companeros\/marinefloor-caraibes\/","title":{"rendered":"MarineFloor Cara\u00efbes"},"content":{"rendered":"<p>[et_pb_section fb_built=\u00bb1&#8243; fullwidth=\u00bbon\u00bb _builder_version=\u00bb4.16&#8243; _module_preset=\u00bbdefault\u00bb custom_margin=\u00bb0px||||false|false\u00bb global_colors_info=\u00bb{}\u00bb][et_pb_fullwidth_header title=\u00bbMarinefloor Cara\u00efbes\u00bb header_fullscreen=\u00bbon\u00bb header_scroll_down=\u00bbon\u00bb scroll_down_icon=\u00bb%%1%%\u00bb scroll_down_icon_color=\u00bb#FFFFFF\u00bb background_overlay_color=\u00bbrgba(0,0,0,0.15)\u00bb _builder_version=\u00bb4.17.0&#8243; _module_preset=\u00bbdefault\u00bb title_text_align=\u00bbcenter\u00bb title_font_size=\u00bb40px\u00bb background_image=\u00bbhttps:\/\/www.marinefloor.fr\/wp-content\/uploads\/marinefloor-caraibes-partenaire.jpg\u00bb parallax=\u00bbon\u00bb title_font_size_tablet=\u00bb40px\u00bb title_font_size_phone=\u00bb32px\u00bb title_font_size_last_edited=\u00bbon|desktop\u00bb title_text_shadow_style=\u00bbpreset5&#8243; title_text_shadow_horizontal_length=\u00bb0.03em\u00bb title_text_shadow_vertical_length=\u00bb0.03em\u00bb global_colors_info=\u00bb{}\u00bb][\/et_pb_fullwidth_header][\/et_pb_section][et_pb_section fb_built=\u00bb1&#8243; _builder_version=\u00bb4.17.0&#8243; _module_preset=\u00bbdefault\u00bb background_enable_color=\u00bboff\u00bb background_color_gradient_direction=\u00bb360deg\u00bb background_color_gradient_start=\u00bbrgba(50,53,58,0.7)\u00bb background_color_gradient_end=\u00bbrgba(50,53,58,0.2)\u00bb z_index=\u00bb99999&#8243; overflow-x=\u00bbvisible\u00bb overflow-y=\u00bbvisible\u00bb animation_style=\u00bbfade\u00bb animation_duration=\u00bb2500ms\u00bb box_shadow_style=\u00bbpreset3&#8243; global_colors_info=\u00bb{}\u00bb][et_pb_row column_structure=\u00bb1_2,1_2&#8243; make_equal=\u00bbon\u00bb _builder_version=\u00bb4.17.0&#8243; _module_preset=\u00bbdefault\u00bb max_width=\u00bb1280px\u00bb locked=\u00bboff\u00bb global_colors_info=\u00bb{}\u00bb][et_pb_column type=\u00bb1_2&#8243; _builder_version=\u00bb4.16&#8243; _module_preset=\u00bbdefault\u00bb global_colors_info=\u00bb{}\u00bb][et_pb_image src=\u00bbhttps:\/\/www.marinefloor.fr\/wp-content\/uploads\/logo-marinefloor-caraibes.jpg\u00bb alt=\u00bbMarinefloor Caraibes\u00bb title_text=\u00bbMarinefloor Caraibes\u00bb align=\u00bbcenter\u00bb _builder_version=\u00bb4.17.0&#8243; _module_preset=\u00bbdefault\u00bb animation_style=\u00bbflip\u00bb box_shadow_style=\u00bbpreset1&#8243; global_colors_info=\u00bb{}\u00bb][\/et_pb_image][et_pb_text _builder_version=\u00bb4.23.4&#8243; _module_preset=\u00bbdefault\u00bb text_text_color=\u00bb#666666&#8243; text_font_size=\u00bb16px\u00bb text_orientation=\u00bbcenter\u00bb animation_style=\u00bbfade\u00bb animation_delay=\u00bb100ms\u00bb locked=\u00bboff\u00bb global_colors_info=\u00bb{}\u00bb]<\/p>\n<p><strong>Francia<\/strong><br \/>Ultramar<\/p>\n<p><img loading=\"lazy\" decoding=\"async\" class=\"wp-image-249503 aligncenter size-full\" src=\"https:\/\/www.marinefloor.fr\/wp-content\/uploads\/drapeau-fr.jpg\" alt=\"Partenaires MarineFloor France\" width=\"80\" height=\"54\" \/><\/p>\n<p>[\/et_pb_text][\/et_pb_column][et_pb_column type=\u00bb1_2&#8243; _builder_version=\u00bb4.16&#8243; _module_preset=\u00bbdefault\u00bb global_colors_info=\u00bb{}\u00bb][et_pb_text _builder_version=\u00bb4.23.4&#8243; _module_preset=\u00bbdefault\u00bb text_text_color=\u00bb#666666&#8243; text_font_size=\u00bb16px\u00bb header_6_font_size=\u00bb20px\u00bb text_orientation=\u00bbjustified\u00bb animation_style=\u00bbfade\u00bb animation_delay=\u00bb100ms\u00bb global_colors_info=\u00bb{}\u00bb]<\/p>\n<div class=\"page\" title=\"Page 12\">\n<div class=\"layoutArea\">\n<div class=\"column\">\n<p>Christophe GANTELET trabaja en Martinica desde 1984.<br \/>Empresario local en varios sectores, en 2007 decidio\u0301, tras una reunio\u0301n con Laurent Dubois, crear una estructura para desarrollar el mercado de los pontones flotantes modulares en el Caribe. Nace MARINEFLOOR CARAIBES.<\/p>\n<p>Pionero entre los socios de MARINEFLOOR EUROPE, el mercado cariben\u0303o se ha ido desarrollando desde entonces, con numerosas bases para barcos y aviones, pontones flotantes, stock permanente en la isla, etc.<\/p>\n<p>No dude en contactar con e\u0301l para cualquier proyecto en esta zona geogra\u0301fica, ya sea de compra o alquiler.<\/p>\n<\/div>\n<\/div>\n<\/div>\n<p>[\/et_pb_text][\/et_pb_column][\/et_pb_row][et_pb_row column_structure=\u00bb1_3,1_3,1_3&#8243; make_equal=\u00bbon\u00bb _builder_version=\u00bb4.17.0&#8243; _module_preset=\u00bbdefault\u00bb max_width=\u00bb1280px\u00bb locked=\u00bboff\u00bb global_colors_info=\u00bb{}\u00bb][et_pb_column type=\u00bb1_3&#8243; _builder_version=\u00bb4.16&#8243; _module_preset=\u00bbdefault\u00bb global_colors_info=\u00bb{}\u00bb][et_pb_button button_url=\u00bbmailto:c.gantelet@wanadoo.fr\u00bb button_text=\u00bbEnviar un correo electr\u00f3nico a nuestro socio\u00bb button_alignment=\u00bbcenter\u00bb admin_label=\u00bbEmail\u00bb _builder_version=\u00bb4.23.4&#8243; _module_preset=\u00bbdefault\u00bb custom_button=\u00bbon\u00bb button_text_size=\u00bb16px\u00bb button_use_icon=\u00bboff\u00bb animation_style=\u00bbslide\u00bb animation_direction=\u00bbtop\u00bb animation_duration=\u00bb1500ms\u00bb animation_delay=\u00bb50ms\u00bb locked=\u00bboff\u00bb global_colors_info=\u00bb{}\u00bb][\/et_pb_button][\/et_pb_column][et_pb_column type=\u00bb1_3&#8243; _builder_version=\u00bb4.16&#8243; _module_preset=\u00bbdefault\u00bb global_colors_info=\u00bb{}\u00bb][et_pb_button button_url=\u00bbhttps:\/\/www.marinefloorcaraibes.fr\/\u00bb url_new_window=\u00bbon\u00bb button_text=\u00bbVisite el sitio web de nuestro socio\u00bb button_alignment=\u00bbcenter\u00bb admin_label=\u00bbSite\u00bb _builder_version=\u00bb4.23.4&#8243; _module_preset=\u00bbdefault\u00bb custom_button=\u00bbon\u00bb button_text_size=\u00bb16px\u00bb button_use_icon=\u00bboff\u00bb animation_style=\u00bbslide\u00bb animation_direction=\u00bbtop\u00bb animation_duration=\u00bb1500ms\u00bb animation_delay=\u00bb50ms\u00bb locked=\u00bboff\u00bb global_colors_info=\u00bb{}\u00bb][\/et_pb_button][\/et_pb_column][et_pb_column type=\u00bb1_3&#8243; _builder_version=\u00bb4.16&#8243; _module_preset=\u00bbdefault\u00bb global_colors_info=\u00bb{}\u00bb][et_pb_button button_url=\u00bbhttps:\/\/www.facebook.com\/marinefloorcaraibes\/\u00bb url_new_window=\u00bbon\u00bb button_text=\u00bbVisite la p\u00e1gina de Facebook de nuestro socio\u00bb button_alignment=\u00bbcenter\u00bb admin_label=\u00bbFacebook\u00bb _builder_version=\u00bb4.23.4&#8243; _module_preset=\u00bbdefault\u00bb custom_button=\u00bbon\u00bb button_text_size=\u00bb16px\u00bb button_use_icon=\u00bboff\u00bb animation_style=\u00bbslide\u00bb animation_direction=\u00bbtop\u00bb animation_duration=\u00bb1500ms\u00bb animation_delay=\u00bb50ms\u00bb locked=\u00bboff\u00bb global_colors_info=\u00bb{}\u00bb][\/et_pb_button][\/et_pb_column][\/et_pb_row][et_pb_row make_equal=\u00bbon\u00bb _builder_version=\u00bb4.17.0&#8243; _module_preset=\u00bbdefault\u00bb max_width=\u00bb1280px\u00bb locked=\u00bboff\u00bb global_colors_info=\u00bb{}\u00bb][et_pb_column type=\u00bb4_4&#8243; _builder_version=\u00bb4.16&#8243; _module_preset=\u00bbdefault\u00bb global_colors_info=\u00bb{}\u00bb][et_pb_gallery gallery_ids=\u00bb259139,259143,259147,259155,259159,259163&#8243; posts_number=\u00bb8&#8243; _builder_version=\u00bb4.23.4&#8243; _module_preset=\u00bbdefault\u00bb width=\u00bb800px\u00bb width_tablet=\u00bbauto\u00bb width_phone=\u00bbauto\u00bb width_last_edited=\u00bbon|phone\u00bb module_alignment=\u00bbcenter\u00bb height=\u00bb600px\u00bb height_tablet=\u00bbauto\u00bb height_phone=\u00bbauto\u00bb height_last_edited=\u00bbon|phone\u00bb auto_speed=\u00bb2800&#8243; hover_enabled=\u00bb0&#8243; global_colors_info=\u00bb{}\u00bb show_title_and_caption=\u00bboff\u00bb sticky_enabled=\u00bb0&#8243;][\/et_pb_gallery][et_pb_button button_url=\u00bb@ET-DC@eyJkeW5hbWljIjp0cnVlLCJjb250ZW50IjoicG9zdF9saW5rX3VybF9wYWdlIiwic2V0dGluZ3MiOnsicG9zdF9pZCI6IjI0OTM0OCJ9fQ==@\u00bb button_text=\u00bbVer todos nuestros socios\u00bb button_alignment=\u00bbcenter\u00bb admin_label=\u00bbRetour partenaires\u00bb _builder_version=\u00bb4.23.4&#8243; _dynamic_attributes=\u00bbbutton_url\u00bb _module_preset=\u00bbdefault\u00bb custom_button=\u00bbon\u00bb button_text_size=\u00bb20px\u00bb button_use_icon=\u00bboff\u00bb animation_style=\u00bbslide\u00bb animation_direction=\u00bbtop\u00bb animation_duration=\u00bb1500ms\u00bb animation_delay=\u00bb50ms\u00bb locked=\u00bboff\u00bb global_colors_info=\u00bb{}\u00bb][\/et_pb_button][\/et_pb_column][\/et_pb_row][\/et_pb_section][et_pb_section fb_built=\u00bb1&#8243; _builder_version=\u00bb4.17.0&#8243; _module_preset=\u00bbdefault\u00bb z_index=\u00bb9&#8243; overflow-x=\u00bbvisible\u00bb overflow-y=\u00bbvisible\u00bb box_shadow_style=\u00bbpreset3&#8243; global_module=\u00bb263429&#8243; locked=\u00bboff\u00bb global_colors_info=\u00bb{}\u00bb][et_pb_row use_custom_gutter=\u00bbon\u00bb make_equal=\u00bbon\u00bb _builder_version=\u00bb4.17.0&#8243; _module_preset=\u00bbdefault\u00bb max_width=\u00bb1280px\u00bb locked=\u00bboff\u00bb global_colors_info=\u00bb{}\u00bb][et_pb_column type=\u00bb4_4&#8243; _builder_version=\u00bb4.16&#8243; _module_preset=\u00bbdefault\u00bb global_colors_info=\u00bb{}\u00bb][et_pb_text admin_label=\u00bbAller plus loin\u00bb _builder_version=\u00bb4.23.4&#8243; _module_preset=\u00bbdefault\u00bb header_2_text_color=\u00bb#32353A\u00bb header_2_font_size=\u00bb30px\u00bb header_3_font_size=\u00bb25px\u00bb text_orientation=\u00bbjustified\u00bb animation_style=\u00bbslide\u00bb animation_direction=\u00bbtop\u00bb header_2_font_size_tablet=\u00bb30px\u00bb header_2_font_size_phone=\u00bb24px\u00bb header_2_font_size_last_edited=\u00bbon|desktop\u00bb header_3_font_size_tablet=\u00bb25px\u00bb header_3_font_size_phone=\u00bb20px\u00bb header_3_font_size_last_edited=\u00bbon|desktop\u00bb global_colors_info=\u00bb{}\u00bb]<\/p>\n<h2><span style=\"color: #189fd8;\">I<\/span>r m\u00e1s lejos<\/h2>\n<p>[\/et_pb_text][et_pb_divider divider_position=\u00bbcenter\u00bb divider_weight=\u00bb2px\u00bb divider_weight_tablet=\u00bb2px\u00bb divider_weight_phone=\u00bb2px\u00bb divider_weight_last_edited=\u00bbon|desktop\u00bb _builder_version=\u00bb4.17.3&#8243; _module_preset=\u00bbdefault\u00bb width=\u00bb670px\u00bb width_tablet=\u00bbauto\u00bb width_phone=\u00bbauto\u00bb width_last_edited=\u00bbon|desktop\u00bb module_alignment=\u00bbleft\u00bb custom_padding=\u00bb||10px||false|false\u00bb animation_style=\u00bbfade\u00bb module_alignment_tablet=\u00bbcenter\u00bb module_alignment_phone=\u00bbcenter\u00bb module_alignment_last_edited=\u00bboff|desktop\u00bb locked=\u00bboff\u00bb global_colors_info=\u00bb{}\u00bb][\/et_pb_divider][\/et_pb_column][\/et_pb_row][et_pb_row column_structure=\u00bb1_2,1_2&#8243; use_custom_gutter=\u00bbon\u00bb make_equal=\u00bbon\u00bb _builder_version=\u00bb4.17.0&#8243; _module_preset=\u00bbdefault\u00bb max_width=\u00bb1280px\u00bb global_colors_info=\u00bb{}\u00bb][et_pb_column type=\u00bb1_2&#8243; _builder_version=\u00bb4.17.0&#8243; _module_preset=\u00bbdefault\u00bb global_colors_info=\u00bb{}\u00bb][et_pb_text admin_label=\u00bbConseil devis\u00bb _builder_version=\u00bb4.23.4&#8243; _module_preset=\u00bbdefault\u00bb text_font_size=\u00bb16px\u00bb header_3_text_align=\u00bbcenter\u00bb header_3_font_size=\u00bb20px\u00bb header_3_line_height=\u00bb1.3em\u00bb header_4_text_align=\u00bbcenter\u00bb text_orientation=\u00bbcenter\u00bb global_colors_info=\u00bb{}\u00bb]<\/p>\n<h3>Un consejo ? Un presupuesto ? ?<\/h3>\n<h4>Ponte en contacto directamente con el socio de tu zona geogr\u00e1fica.<\/h4>\n<p>Tambi\u00e9n puedes <a href=\"https:\/\/www.marinefloor.fr\/contact\/\">contactar<\/a> econ nosotros y te pondremos en contacto con \u00e9l. Si no hay ning\u00fan socio local, nos ocuparemos de su solicitud directamente.<\/p>\n<p>[\/et_pb_text][\/et_pb_column][et_pb_column type=\u00bb1_2&#8243; _builder_version=\u00bb4.17.0&#8243; _module_preset=\u00bbdefault\u00bb global_colors_info=\u00bb{}\u00bb][et_pb_text admin_label=\u00bbnous rejoindre\u00bb _builder_version=\u00bb4.23.4&#8243; _module_preset=\u00bbdefault\u00bb text_font_size=\u00bb16px\u00bb header_3_text_align=\u00bbcenter\u00bb header_3_font_size=\u00bb20px\u00bb header_3_line_height=\u00bb1.3em\u00bb header_4_text_align=\u00bbcenter\u00bb text_orientation=\u00bbcenter\u00bb global_colors_info=\u00bb{}\u00bb]<\/p>\n<h3>\u00bfQuieres unirte a nosotros ?<\/h3>\n<h4>Cont\u00e1ctenos para discutirlo y evaluar la viabilidad de una asociaci\u00f3n.<\/h4>\n<p>Siempre estamos buscando actores establecidos y de confianza para desarrollar el uso ilimitado de nuestros pontones flotantes, presentar nuestros productos, instalarlos, mantenerlos&#8230; \u00a1Escr\u00edbanos! !<\/p>\n<p>[\/et_pb_text][\/et_pb_column][\/et_pb_row][\/et_pb_section]<\/p>\n","protected":false},"excerpt":{"rendered":"<p>FranciaUltramar Christophe GANTELET trabaja en Martinica desde 1984.Empresario local en varios sectores, en 2007 decidio\u0301, tras una reunio\u0301n con Laurent Dubois, crear una estructura para desarrollar el mercado de los pontones flotantes modulares en el Caribe. Nace MARINEFLOOR CARAIBES. Pionero entre los socios de MARINEFLOOR EUROPE, el mercado cariben\u0303o se ha ido desarrollando desde entonces, con numerosas bases para barcos y aviones, pontones flotantes, stock permanente en la isla, etc. No dude en contactar con e\u0301l para cualquier proyecto en esta zona geogra\u0301fica, ya sea de compra o alquiler. Ir m\u00e1s lejosUn consejo ? Un presupuesto ? ? Ponte en contacto directamente con el socio de tu zona geogr\u00e1fica. Tambi\u00e9n puedes contactar econ nosotros y te pondremos en contacto con \u00e9l. Si no hay ning\u00fan socio local, nos ocuparemos de su solicitud directamente.\u00bfQuieres unirte a nosotros ? Cont\u00e1ctenos para discutirlo y evaluar la viabilidad de una asociaci\u00f3n. Siempre estamos buscando actores establecidos y de confianza para desarrollar el uso ilimitado de nuestros pontones flotantes, presentar nuestros productos, instalarlos, mantenerlos&#8230; \u00a1Escr\u00edbanos! !<\/p>\n","protected":false},"author":1,"featured_media":0,"parent":258909,"menu_order":4,"comment_status":"closed","ping_status":"closed","template":"","meta":{"_et_pb_use_builder":"on","_et_pb_old_content":"","_et_gb_content_width":"","footnotes":""},"class_list":["post-259132","page","type-page","status-publish","hentry"],"aioseo_notices":[],"_links":{"self":[{"href":"https:\/\/www.marinefloor.fr\/es\/wp-json\/wp\/v2\/pages\/259132","targetHints":{"allow":["GET"]}}],"collection":[{"href":"https:\/\/www.marinefloor.fr\/es\/wp-json\/wp\/v2\/pages"}],"about":[{"href":"https:\/\/www.marinefloor.fr\/es\/wp-json\/wp\/v2\/types\/page"}],"author":[{"embeddable":true,"href":"https:\/\/www.marinefloor.fr\/es\/wp-json\/wp\/v2\/users\/1"}],"replies":[{"embeddable":true,"href":"https:\/\/www.marinefloor.fr\/es\/wp-json\/wp\/v2\/comments?post=259132"}],"version-history":[{"count":8,"href":"https:\/\/www.marinefloor.fr\/es\/wp-json\/wp\/v2\/pages\/259132\/revisions"}],"predecessor-version":[{"id":263461,"href":"https:\/\/www.marinefloor.fr\/es\/wp-json\/wp\/v2\/pages\/259132\/revisions\/263461"}],"up":[{"embeddable":true,"href":"https:\/\/www.marinefloor.fr\/es\/wp-json\/wp\/v2\/pages\/258909"}],"wp:attachment":[{"href":"https:\/\/www.marinefloor.fr\/es\/wp-json\/wp\/v2\/media?parent=259132"}],"curies":[{"name":"wp","href":"https:\/\/api.w.org\/{rel}","templated":true}]}}