{"id":263552,"date":"2022-04-19T17:35:45","date_gmt":"2022-04-19T15:35:45","guid":{"rendered":"https:\/\/www.marinefloor.fr\/aplicaciones\/platformes-terrasses\/"},"modified":"2024-02-20T11:43:31","modified_gmt":"2024-02-20T10:43:31","slug":"platformas-terrazas","status":"publish","type":"page","link":"https:\/\/www.marinefloor.fr\/es\/aplicaciones\/platformas-terrazas\/","title":{"rendered":"Plataformas y Terrazas"},"content":{"rendered":"<p>[et_pb_section fb_built=\u00bb1&#8243; fullwidth=\u00bbon\u00bb _builder_version=\u00bb4.16&#8243; _module_preset=\u00bbdefault\u00bb custom_margin=\u00bb0px||||false|false\u00bb global_colors_info=\u00bb{}\u00bb][et_pb_fullwidth_header title=\u00bb<span style=%22color: #189fd8;%22>P<\/span>lataformas et terrazas\u00bb text_orientation=\u00bbcenter\u00bb header_fullscreen=\u00bbon\u00bb header_scroll_down=\u00bbon\u00bb scroll_down_icon=\u00bb%%1%%\u00bb scroll_down_icon_color=\u00bb#FFFFFF\u00bb button_one_text=\u00bbDisponible para venta o alquiler. \u00a1P\u00eddanos una cotizaci\u00f3n!\u00bb button_one_url=\u00bbhttps:\/\/www.marinefloor.fr\/contact\/\u00bb background_overlay_color=\u00bbrgba(0,0,0,0.15)\u00bb _builder_version=\u00bb4.23.4&#8243; _module_preset=\u00bbdefault\u00bb title_text_align=\u00bbcenter\u00bb title_font_size=\u00bb60px\u00bb background_image=\u00bbhttps:\/\/www.marinefloor.fr\/wp-content\/uploads\/application-plateformes-et-terrasses-flottantes.jpg\u00bb parallax=\u00bbon\u00bb custom_button_one=\u00bbon\u00bb button_one_bg_color=\u00bb#189FD8&#8243; button_one_border_width=\u00bb0px\u00bb button_one_font=\u00bb|700|||||||\u00bb title_font_size_tablet=\u00bb40px\u00bb title_font_size_phone=\u00bb32px\u00bb title_font_size_last_edited=\u00bbon|desktop\u00bb title_text_shadow_style=\u00bbpreset5&#8243; title_text_shadow_horizontal_length=\u00bb0.03em\u00bb title_text_shadow_vertical_length=\u00bb0.03em\u00bb global_colors_info=\u00bb{}\u00bb][\/et_pb_fullwidth_header][\/et_pb_section][et_pb_section fb_built=\u00bb1&#8243; _builder_version=\u00bb4.17.0&#8243; _module_preset=\u00bbdefault\u00bb background_enable_color=\u00bboff\u00bb background_color_gradient_direction=\u00bb360deg\u00bb background_color_gradient_start=\u00bbrgba(50,53,58,0.7)\u00bb background_color_gradient_end=\u00bbrgba(50,53,58,0.2)\u00bb z_index=\u00bb99999&#8243; overflow-x=\u00bbvisible\u00bb overflow-y=\u00bbvisible\u00bb animation_style=\u00bbfade\u00bb animation_duration=\u00bb2500ms\u00bb box_shadow_style=\u00bbpreset3&#8243; global_colors_info=\u00bb{}\u00bb][et_pb_row make_equal=\u00bbon\u00bb _builder_version=\u00bb4.16&#8243; _module_preset=\u00bbdefault\u00bb max_width=\u00bb1280px\u00bb locked=\u00bboff\u00bb global_colors_info=\u00bb{}\u00bb][et_pb_column type=\u00bb4_4&#8243; _builder_version=\u00bb4.16&#8243; _module_preset=\u00bbdefault\u00bb global_colors_info=\u00bb{}\u00bb][et_pb_text _builder_version=\u00bb4.23.4&#8243; _module_preset=\u00bbdefault\u00bb text_text_color=\u00bb#666666&#8243; text_font_size=\u00bb16px\u00bb text_orientation=\u00bbjustified\u00bb animation_style=\u00bbfade\u00bb animation_delay=\u00bb100ms\u00bb global_colors_info=\u00bb{}\u00bb]<\/p>\n<div class=\"page\" title=\"Page 32\">\n<div class=\"layoutArea\">\n<div class=\"column\">\n<p><strong>\u00bfNecesitas ma\u0301s espacio en el agua?<\/strong> \u00bf<strong>Trabajos te\u0301cnicos a realizar en medio de las aguas<\/strong>? \u00bfQuiere explotar la originalidad de <strong>una recepcio\u0301n pu\u0301blica con una solucio\u0301n flotante<\/strong>?<\/p>\n<\/div>\n<\/div>\n<\/div>\n<div class=\"page\" title=\"Page 32\">\n<div class=\"layoutArea\">\n<div class=\"column\">\n<p>Nuestras <strong>soluciones flotantes modulares<\/strong> esta\u0301n a su disposicio\u0301n, <strong>desde unos pocos metros cuadrados hasta varios miles<\/strong> <strong>!<\/strong> Esta\u0301 previsto todo para equiparlos: seguridad mediante barandillas y boyas de corona, amarre o fondeo, escaleras de acceso de acero inoxidable, carpas de recepcio\u0301n, pavimentos a medida, electrificacio\u0301n y abastecimiento de agua, iluminacio\u0301n, fuente, etc.<\/p>\n<\/div>\n<\/div>\n<\/div>\n<div class=\"page\" title=\"Page 32\">\n<div class=\"layoutArea\">\n<div class=\"column\">\n<p>Gracias a ellos <strong>hemos realizado los proyectos ma\u0301s u\u0301tiles y locos<\/strong>:<\/p>\n<\/div>\n<\/div>\n<\/div>\n<ul>\n<li><strong>plataformas de trabajo flotantes<\/strong> para <strong>reparaci\u00f3n de puentes, estructuras<\/strong> o <strong>taludes<\/strong><\/li>\n<li><strong>conciertos en el agua<\/strong>, pero tambi\u00e9n <strong>cines flotantes<\/strong><\/li>\n<li><strong>plataformas para exhibir autom\u00f3viles<\/strong> o helic\u00f3pteros terrestres<\/li>\n<li><strong>stands flotantes<\/strong> para <strong>salones n\u00e1uticos<\/strong><\/li>\n<li><strong>pueblos flotantes<\/strong> para eventos<\/li>\n<li><strong>terrazas de bares y restaurantes<\/strong><\/li>\n<li><strong>plataformas de disparo pirot\u00e9cnico<\/strong><\/li>\n<li><strong>campo deportivo<\/strong> para eventos<\/li>\n<li><strong>plataformas para rodajes de pel\u00edculas<\/strong><\/li>\n<li>\u2026<\/li>\n<\/ul>\n<div class=\"page\" title=\"Page 32\">\n<div class=\"layoutArea\">\n<div class=\"column\">\n<p>Tambie\u0301n fabricamos con este sistema <strong><a href=\"https:\/\/www.marinefloor.fr\/es\/aplicaciones\/pontones-flotantes\/\">pontones<\/a><\/strong> de todo tipo, <strong><a href=\"https:\/\/www.marinefloor.fr\/es\/aplicaciones\/paserelas-flotantes\/\">pasarelas<\/a><\/strong> o cualquier construccio\u0301n que requiera un agarre estable y seguro al agua.<\/p>\n<\/div>\n<\/div>\n<\/div>\n<p>[\/et_pb_text][\/et_pb_column][\/et_pb_row][\/et_pb_section][et_pb_section fb_built=\u00bb1&#8243; _builder_version=\u00bb4.17.0&#8243; _module_preset=\u00bbdefault\u00bb z_index=\u00bb9999&#8243; overflow-x=\u00bbvisible\u00bb overflow-y=\u00bbvisible\u00bb box_shadow_style=\u00bbpreset3&#8243; locked=\u00bboff\u00bb global_colors_info=\u00bb{}\u00bb][et_pb_row use_custom_gutter=\u00bbon\u00bb make_equal=\u00bbon\u00bb _builder_version=\u00bb4.17.0&#8243; _module_preset=\u00bbdefault\u00bb max_width=\u00bb1480px\u00bb locked=\u00bboff\u00bb global_colors_info=\u00bb{}\u00bb][et_pb_column type=\u00bb4_4&#8243; _builder_version=\u00bb4.16&#8243; _module_preset=\u00bbdefault\u00bb global_colors_info=\u00bb{}\u00bb][et_pb_text admin_label=\u00bbGalerie de r\u00e9alisations\u00bb _builder_version=\u00bb4.23.4&#8243; _module_preset=\u00bbdefault\u00bb header_2_text_color=\u00bb#32353A\u00bb header_2_font_size=\u00bb30px\u00bb header_3_font_size=\u00bb25px\u00bb text_orientation=\u00bbjustified\u00bb animation_style=\u00bbslide\u00bb animation_direction=\u00bbtop\u00bb header_2_font_size_tablet=\u00bb30px\u00bb header_2_font_size_phone=\u00bb24px\u00bb header_2_font_size_last_edited=\u00bbon|desktop\u00bb header_3_font_size_tablet=\u00bb25px\u00bb header_3_font_size_phone=\u00bb20px\u00bb header_3_font_size_last_edited=\u00bbon|desktop\u00bb global_colors_info=\u00bb{}\u00bb]<\/p>\n<h2><span style=\"color: #189fd8;\">E<\/span>n la pr\u00e1tica &#8230;<\/h2>\n<p>[\/et_pb_text][et_pb_divider divider_position=\u00bbcenter\u00bb divider_weight=\u00bb2px\u00bb divider_weight_tablet=\u00bb2px\u00bb divider_weight_phone=\u00bb2px\u00bb divider_weight_last_edited=\u00bbon|desktop\u00bb _builder_version=\u00bb4.17.3&#8243; _module_preset=\u00bbdefault\u00bb width=\u00bb670px\u00bb width_tablet=\u00bbauto\u00bb width_phone=\u00bbauto\u00bb width_last_edited=\u00bbon|desktop\u00bb module_alignment=\u00bbleft\u00bb custom_padding=\u00bb||10px||false|false\u00bb animation_style=\u00bbfade\u00bb module_alignment_tablet=\u00bbcenter\u00bb module_alignment_phone=\u00bbcenter\u00bb module_alignment_last_edited=\u00bboff|desktop\u00bb locked=\u00bboff\u00bb global_colors_info=\u00bb{}\u00bb][\/et_pb_divider][\/et_pb_column][\/et_pb_row][et_pb_row column_structure=\u00bb3_5,2_5&#8243; use_custom_gutter=\u00bbon\u00bb _builder_version=\u00bb4.16&#8243; _module_preset=\u00bbdefault\u00bb max_width=\u00bb1480px\u00bb locked=\u00bboff\u00bb global_colors_info=\u00bb{}\u00bb][et_pb_column type=\u00bb3_5&#8243; _builder_version=\u00bb4.16&#8243; _module_preset=\u00bbdefault\u00bb global_colors_info=\u00bb{}\u00bb][et_pb_text _builder_version=\u00bb4.23.4&#8243; _module_preset=\u00bbdefault\u00bb text_text_color=\u00bb#666666&#8243; text_font_size=\u00bb16px\u00bb text_orientation=\u00bbjustified\u00bb animation_style=\u00bbfade\u00bb animation_delay=\u00bb100ms\u00bb locked=\u00bboff\u00bb global_colors_info=\u00bb{}\u00bb]<\/p>\n<p>Ya sea como <strong>parte de una <a href=\"https:\/\/www.marinefloor.fr\/achat-ponton-flottant-modulaire\/\">compra<\/a> o <\/strong><strong><a href=\"https:\/\/www.marinefloor.fr\/louer-un-ponton\/\">alquiler<\/a><\/strong>, <strong>lo apoyamos durante toda la duracio\u0301n del proyecto<\/strong> (siga los enlaces anteriores para ma\u0301s detalles).<\/p>\n<p>Nuestras plataformas esta\u0301n <strong>formadas por un conjunto de <a href=\"https:\/\/www.marinefloor.fr\/es\/productos\/el-cubo\/\">cubos Ecosystem<\/a><\/strong> beige y grises, que <strong>fabricamos en Francia<\/strong>. Para <strong>optimizar la logi\u0301stica y el tiempo de montaje,<\/strong> la mayori\u0301a de las veces se premontan en mo\u0301dulos <strong>listos para usar<\/strong>.<\/p>\n<p>Nuestras pasarelas <strong>esta\u0301n formadas por un conjunto de <a href=\"https:\/\/www.marinefloor.fr\/es\/productos\/el-cubo\/\">cubos Ecosystem<\/a><\/strong> beige y grises, que <strong>fabricamos en Francia<\/strong>. Para <strong>optimizar la logi\u0301stica y el tiempo de montaje<\/strong>, la mayori\u0301a de las veces se premontan en mo\u0301dulos <strong>listos para usar<\/strong>.<\/p>\n<p><strong>Aseguradas<\/strong> para adaptarse al uso previsto, <strong>f\u00e1cilmente desmontables<\/strong> en caso de emergencia meteorol\u00f3gica y <strong>equipadas con todos los accesorios necesarios<\/strong> (en funci\u00f3n de las caracter\u00edsticas espec\u00edficas del lugar de instalaci\u00f3n y del uso previsto), <strong>nuestras plataformas se entregan llave en mano.<\/strong><\/p>\n<p>Dependiendo de las situaciones y del estudio de campo, <strong>estudiamos y proponemos un fondeo\/amarre adecuado<\/strong>.<\/p>\n<p><strong>Las instrucciones de formacio\u0301n y\/o instalacio\u0301n permiten, gracias a la llave especi\u0301fica de acero inoxidable, realizar modificaciones con el tiempo y de forma independiente<\/strong>.<\/p>\n<p>[\/et_pb_text][\/et_pb_column][et_pb_column type=\u00bb2_5&#8243; _builder_version=\u00bb4.16&#8243; _module_preset=\u00bbdefault\u00bb global_colors_info=\u00bb{}\u00bb][et_pb_button button_url=\u00bb@ET-DC@eyJkeW5hbWljIjp0cnVlLCJjb250ZW50IjoicG9zdF9saW5rX3VybF9wYWdlIiwic2V0dGluZ3MiOnsicG9zdF9pZCI6IjI1MDE1MiJ9fQ==@\u00bb button_text=\u00bbM\u00e1s informaci\u00f3n sobre nuestro sistema\u00bb button_alignment=\u00bbcenter\u00bb admin_label=\u00bbT\u00e9l\u00e9charger la fiche PDF\u00bb _builder_version=\u00bb4.23.4&#8243; _dynamic_attributes=\u00bbbutton_url\u00bb _module_preset=\u00bbdefault\u00bb custom_button=\u00bbon\u00bb button_icon=\u00bb&#xf061;||fa||900&#8243; button_icon_placement=\u00bbleft\u00bb button_on_hover=\u00bboff\u00bb animation_style=\u00bbslide\u00bb animation_direction=\u00bbtop\u00bb animation_duration=\u00bb1500ms\u00bb animation_delay=\u00bb50ms\u00bb locked=\u00bboff\u00bb global_colors_info=\u00bb{}\u00bb][\/et_pb_button][et_pb_image src=\u00bbhttps:\/\/www.marinefloor.fr\/wp-content\/uploads\/Cube-petit.png\u00bb title_text=\u00bbCube &#8211; petit\u00bb align=\u00bbcenter\u00bb _builder_version=\u00bb4.18.0&#8243; _module_preset=\u00bbdefault\u00bb global_colors_info=\u00bb{}\u00bb][\/et_pb_image][\/et_pb_column][\/et_pb_row][et_pb_row column_structure=\u00bb1_5,1_5,1_5,1_5,1_5&#8243; use_custom_gutter=\u00bbon\u00bb make_equal=\u00bbon\u00bb _builder_version=\u00bb4.17.3&#8243; _module_preset=\u00bbdefault\u00bb max_width=\u00bb1280px\u00bb global_module=\u00bb263491&#8243; locked=\u00bboff\u00bb global_colors_info=\u00bb{}\u00bb][et_pb_column type=\u00bb1_5&#8243; _builder_version=\u00bb4.16&#8243; _module_preset=\u00bbdefault\u00bb global_colors_info=\u00bb{}\u00bb][et_pb_button button_url=\u00bb@ET-DC@eyJkeW5hbWljIjp0cnVlLCJjb250ZW50IjoicG9zdF9saW5rX3VybF9wYWdlIiwic2V0dGluZ3MiOnsicG9zdF9pZCI6IjI2MzUxOCJ9fQ==@\u00bb button_text=\u00bbDescubra nuestras aplicaciones\u00bb button_alignment=\u00bbcenter\u00bb admin_label=\u00bbD\u00e9couvrez nos applications\u00bb _builder_version=\u00bb4.23.4&#8243; _dynamic_attributes=\u00bbbutton_url\u00bb _module_preset=\u00bbdefault\u00bb custom_button=\u00bbon\u00bb button_icon=\u00bb&#xf061;||fa||900&#8243; button_icon_placement=\u00bbleft\u00bb button_on_hover=\u00bboff\u00bb animation_style=\u00bbslide\u00bb animation_direction=\u00bbtop\u00bb animation_duration=\u00bb1500ms\u00bb animation_delay=\u00bb50ms\u00bb locked=\u00bboff\u00bb global_colors_info=\u00bb{}\u00bb][\/et_pb_button][\/et_pb_column][et_pb_column type=\u00bb1_5&#8243; _builder_version=\u00bb4.16&#8243; _module_preset=\u00bbdefault\u00bb global_colors_info=\u00bb{}\u00bb][et_pb_button button_url=\u00bb@ET-DC@eyJkeW5hbWljIjp0cnVlLCJjb250ZW50IjoicG9zdF9saW5rX3VybF9wYWdlIiwic2V0dGluZ3MiOnsicG9zdF9pZCI6IjI2MzU4MyJ9fQ==@\u00bb button_text=\u00bbNuestros sectores de actividad\u00bb button_alignment=\u00bbcenter\u00bb admin_label=\u00bbNos secteurs d&#8217;activit\u00e9\u00bb _builder_version=\u00bb4.23.4&#8243; _dynamic_attributes=\u00bbbutton_url\u00bb _module_preset=\u00bbdefault\u00bb custom_button=\u00bbon\u00bb button_icon=\u00bb&#xf061;||fa||900&#8243; button_icon_placement=\u00bbleft\u00bb button_on_hover=\u00bboff\u00bb animation_style=\u00bbslide\u00bb animation_direction=\u00bbtop\u00bb animation_duration=\u00bb1500ms\u00bb animation_delay=\u00bb50ms\u00bb locked=\u00bboff\u00bb global_colors_info=\u00bb{}\u00bb][\/et_pb_button][\/et_pb_column][et_pb_column type=\u00bb1_5&#8243; _builder_version=\u00bb4.16&#8243; _module_preset=\u00bbdefault\u00bb global_colors_info=\u00bb{}\u00bb][et_pb_button button_url=\u00bb@ET-DC@eyJkeW5hbWljIjp0cnVlLCJjb250ZW50IjoicG9zdF9saW5rX3VybF9wYWdlIiwic2V0dGluZ3MiOnsicG9zdF9pZCI6IjE0MCJ9fQ==@\u00bb button_text=\u00bbExplora nuestras realizaciones\u00bb button_alignment=\u00bbcenter\u00bb admin_label=\u00bbD\u00e9couvrez nos r\u00e9alisations\u00bb _builder_version=\u00bb4.23.4&#8243; _dynamic_attributes=\u00bbbutton_url\u00bb _module_preset=\u00bbdefault\u00bb custom_button=\u00bbon\u00bb button_icon=\u00bb&#xf061;||fa||900&#8243; button_icon_placement=\u00bbleft\u00bb button_on_hover=\u00bboff\u00bb animation_style=\u00bbslide\u00bb animation_direction=\u00bbtop\u00bb animation_duration=\u00bb1500ms\u00bb animation_delay=\u00bb50ms\u00bb locked=\u00bboff\u00bb global_colors_info=\u00bb{}\u00bb][\/et_pb_button][\/et_pb_column][et_pb_column type=\u00bb1_5&#8243; _builder_version=\u00bb4.16&#8243; _module_preset=\u00bbdefault\u00bb global_colors_info=\u00bb{}\u00bb][et_pb_button button_url=\u00bb@ET-DC@eyJkeW5hbWljIjp0cnVlLCJjb250ZW50IjoicG9zdF9saW5rX3VybF9wYWdlIiwic2V0dGluZ3MiOnsicG9zdF9pZCI6IjI2MzUxMyJ9fQ==@\u00bb button_text=\u00bbDescargue la hoja en PDF\u00bb button_alignment=\u00bbcenter\u00bb admin_label=\u00bbT\u00e9l\u00e9charger la fiche PDF\u00bb _builder_version=\u00bb4.23.4&#8243; _dynamic_attributes=\u00bbbutton_url\u00bb _module_preset=\u00bbdefault\u00bb custom_button=\u00bbon\u00bb button_icon=\u00bb&#xf061;||fa||900&#8243; button_icon_placement=\u00bbleft\u00bb button_on_hover=\u00bboff\u00bb animation_style=\u00bbslide\u00bb animation_direction=\u00bbtop\u00bb animation_duration=\u00bb1500ms\u00bb animation_delay=\u00bb50ms\u00bb locked=\u00bboff\u00bb global_colors_info=\u00bb{}\u00bb][\/et_pb_button][\/et_pb_column][et_pb_column type=\u00bb1_5&#8243; _builder_version=\u00bb4.16&#8243; _module_preset=\u00bbdefault\u00bb global_colors_info=\u00bb{}\u00bb][et_pb_button button_url=\u00bb@ET-DC@eyJkeW5hbWljIjp0cnVlLCJjb250ZW50IjoicG9zdF9saW5rX3VybF9wYWdlIiwic2V0dGluZ3MiOnsicG9zdF9pZCI6IjI2MzY3NSJ9fQ==@\u00bb button_text=\u00bbSolicite un presupuesto\u00bb button_alignment=\u00bbcenter\u00bb admin_label=\u00bbDemander un devis\u00bb _builder_version=\u00bb4.23.4&#8243; _dynamic_attributes=\u00bbbutton_url\u00bb _module_preset=\u00bbdefault\u00bb custom_button=\u00bbon\u00bb button_text_color=\u00bb#FFFFFF\u00bb button_bg_color=\u00bb#189FD8&#8243; button_icon=\u00bb&#xf061;||fa||900&#8243; button_icon_placement=\u00bbleft\u00bb button_on_hover=\u00bboff\u00bb animation_style=\u00bbslide\u00bb animation_direction=\u00bbtop\u00bb animation_duration=\u00bb1500ms\u00bb animation_delay=\u00bb50ms\u00bb locked=\u00bboff\u00bb global_colors_info=\u00bb{}\u00bb][\/et_pb_button][\/et_pb_column][\/et_pb_row][\/et_pb_section][et_pb_section fb_built=\u00bb1&#8243; _builder_version=\u00bb4.17.0&#8243; _module_preset=\u00bbdefault\u00bb z_index=\u00bb9&#8243; overflow-x=\u00bbvisible\u00bb overflow-y=\u00bbvisible\u00bb box_shadow_style=\u00bbpreset3&#8243; locked=\u00bboff\u00bb global_colors_info=\u00bb{}\u00bb][et_pb_row use_custom_gutter=\u00bbon\u00bb make_equal=\u00bbon\u00bb _builder_version=\u00bb4.17.0&#8243; _module_preset=\u00bbdefault\u00bb max_width=\u00bb1480px\u00bb locked=\u00bboff\u00bb global_colors_info=\u00bb{}\u00bb][et_pb_column type=\u00bb4_4&#8243; _builder_version=\u00bb4.16&#8243; _module_preset=\u00bbdefault\u00bb global_colors_info=\u00bb{}\u00bb][et_pb_text admin_label=\u00bbGalerie de r\u00e9alisations\u00bb _builder_version=\u00bb4.23.4&#8243; _module_preset=\u00bbdefault\u00bb header_2_text_color=\u00bb#32353A\u00bb header_2_font_size=\u00bb30px\u00bb header_3_font_size=\u00bb25px\u00bb text_orientation=\u00bbjustified\u00bb animation_style=\u00bbslide\u00bb animation_direction=\u00bbtop\u00bb header_2_font_size_tablet=\u00bb30px\u00bb header_2_font_size_phone=\u00bb24px\u00bb header_2_font_size_last_edited=\u00bbon|desktop\u00bb header_3_font_size_tablet=\u00bb25px\u00bb header_3_font_size_phone=\u00bb20px\u00bb header_3_font_size_last_edited=\u00bbon|desktop\u00bb global_colors_info=\u00bb{}\u00bb]<\/p>\n<h2><span style=\"color: #189fd8;\">G<\/span>aler\u00eda de realizaciones<\/h2>\n<p>[\/et_pb_text][et_pb_divider divider_position=\u00bbcenter\u00bb divider_weight=\u00bb2px\u00bb divider_weight_tablet=\u00bb2px\u00bb divider_weight_phone=\u00bb2px\u00bb divider_weight_last_edited=\u00bbon|desktop\u00bb _builder_version=\u00bb4.17.3&#8243; _module_preset=\u00bbdefault\u00bb width=\u00bb670px\u00bb width_tablet=\u00bbauto\u00bb width_phone=\u00bbauto\u00bb width_last_edited=\u00bbon|desktop\u00bb module_alignment=\u00bbleft\u00bb custom_padding=\u00bb||10px||false|false\u00bb animation_style=\u00bbfade\u00bb module_alignment_tablet=\u00bbcenter\u00bb module_alignment_phone=\u00bbcenter\u00bb module_alignment_last_edited=\u00bboff|desktop\u00bb locked=\u00bboff\u00bb global_colors_info=\u00bb{}\u00bb][\/et_pb_divider][\/et_pb_column][\/et_pb_row][et_pb_row use_custom_gutter=\u00bbon\u00bb _builder_version=\u00bb4.17.0&#8243; _module_preset=\u00bbdefault\u00bb width=\u00bb100%\u00bb max_width=\u00bb100%\u00bb global_colors_info=\u00bb{}\u00bb][et_pb_column type=\u00bb4_4&#8243; _builder_version=\u00bb4.17.0&#8243; _module_preset=\u00bbdefault\u00bb global_colors_info=\u00bb{}\u00bb][et_pb_4divi_masonry_gallery gallery_ids=\u00bb250259,250260,250261,250262,250263,250264,250265,250266,250267,250268,250269,250270,250271,250272,250273,250274,250275,250276,250277,250278,250279,250280,250281&#8243; gallery_columns=\u00bb7&#8243; posts_number=\u00bb23&#8243; show_title_and_caption=\u00bboff\u00bb tile_margin=\u00bb2px\u00bb tile_padding=\u00bb2px\u00bb _builder_version=\u00bb4.24.0&#8243; _module_preset=\u00bbdefault\u00bb custom_padding=\u00bb5px|5px|5px|5px|true|true\u00bb hover_enabled=\u00bb0&#8243; global_colors_info=\u00bb{}\u00bb hover_overlay_color=\u00bbRGBA(255,255,255,0)\u00bb sticky_enabled=\u00bb0&#8243;][\/et_pb_4divi_masonry_gallery][\/et_pb_column][\/et_pb_row][\/et_pb_section]<\/p>\n","protected":false},"excerpt":{"rendered":"<p>\u00bfNecesitas ma\u0301s espacio en el agua? \u00bfTrabajos te\u0301cnicos a realizar en medio de las aguas? \u00bfQuiere explotar la originalidad de una recepcio\u0301n pu\u0301blica con una solucio\u0301n flotante? Nuestras soluciones flotantes modulares esta\u0301n a su disposicio\u0301n, desde unos pocos metros cuadrados hasta varios miles ! Esta\u0301 previsto todo para equiparlos: seguridad mediante barandillas y boyas de corona, amarre o fondeo, escaleras de acceso de acero inoxidable, carpas de recepcio\u0301n, pavimentos a medida, electrificacio\u0301n y abastecimiento de agua, iluminacio\u0301n, fuente, etc. Gracias a ellos hemos realizado los proyectos ma\u0301s u\u0301tiles y locos: plataformas de trabajo flotantes para reparaci\u00f3n de puentes, estructuras o taludes conciertos en el agua, pero tambi\u00e9n cines flotantes plataformas para exhibir autom\u00f3viles o helic\u00f3pteros terrestres stands flotantes para salones n\u00e1uticos pueblos flotantes para eventos terrazas de bares y restaurantes plataformas de disparo pirot\u00e9cnico campo deportivo para eventos plataformas para rodajes de pel\u00edculas \u2026 Tambie\u0301n fabricamos con este sistema pontones de todo tipo, pasarelas o cualquier construccio\u0301n que requiera un agarre estable y seguro al agua. En la pr\u00e1tica &#8230;Ya sea como parte de una compra o alquiler, lo apoyamos durante toda la duracio\u0301n del proyecto (siga los enlaces anteriores para ma\u0301s detalles). Nuestras plataformas esta\u0301n formadas por un conjunto [&hellip;]<\/p>\n","protected":false},"author":1,"featured_media":0,"parent":263518,"menu_order":3,"comment_status":"closed","ping_status":"closed","template":"","meta":{"_et_pb_use_builder":"on","_et_pb_old_content":"","_et_gb_content_width":"","footnotes":""},"class_list":["post-263552","page","type-page","status-publish","hentry"],"aioseo_notices":[],"_links":{"self":[{"href":"https:\/\/www.marinefloor.fr\/es\/wp-json\/wp\/v2\/pages\/263552","targetHints":{"allow":["GET"]}}],"collection":[{"href":"https:\/\/www.marinefloor.fr\/es\/wp-json\/wp\/v2\/pages"}],"about":[{"href":"https:\/\/www.marinefloor.fr\/es\/wp-json\/wp\/v2\/types\/page"}],"author":[{"embeddable":true,"href":"https:\/\/www.marinefloor.fr\/es\/wp-json\/wp\/v2\/users\/1"}],"replies":[{"embeddable":true,"href":"https:\/\/www.marinefloor.fr\/es\/wp-json\/wp\/v2\/comments?post=263552"}],"version-history":[{"count":8,"href":"https:\/\/www.marinefloor.fr\/es\/wp-json\/wp\/v2\/pages\/263552\/revisions"}],"predecessor-version":[{"id":264035,"href":"https:\/\/www.marinefloor.fr\/es\/wp-json\/wp\/v2\/pages\/263552\/revisions\/264035"}],"up":[{"embeddable":true,"href":"https:\/\/www.marinefloor.fr\/es\/wp-json\/wp\/v2\/pages\/263518"}],"wp:attachment":[{"href":"https:\/\/www.marinefloor.fr\/es\/wp-json\/wp\/v2\/media?parent=263552"}],"curies":[{"name":"wp","href":"https:\/\/api.w.org\/{rel}","templated":true}]}}