{"id":263675,"date":"2022-04-14T16:45:26","date_gmt":"2022-04-14T14:45:26","guid":{"rendered":"https:\/\/www.marinefloor.fr\/contact\/"},"modified":"2024-02-26T16:04:43","modified_gmt":"2024-02-26T15:04:43","slug":"contact","status":"publish","type":"page","link":"https:\/\/www.marinefloor.fr\/es\/contact\/","title":{"rendered":"Contact"},"content":{"rendered":"<p>[et_pb_section fb_built=\u00bb1&#8243; _builder_version=\u00bb4.17.3&#8243; _module_preset=\u00bbdefault\u00bb z_index=\u00bb9999&#8243; overflow-x=\u00bbvisible\u00bb overflow-y=\u00bbvisible\u00bb box_shadow_style=\u00bbpreset3&#8243; locked=\u00bboff\u00bb global_colors_info=\u00bb{}\u00bb][et_pb_row use_custom_gutter=\u00bbon\u00bb _builder_version=\u00bb4.17.3&#8243; _module_preset=\u00bbdefault\u00bb max_width=\u00bb1480px\u00bb locked=\u00bboff\u00bb global_colors_info=\u00bb{}\u00bb][et_pb_column type=\u00bb4_4&#8243; _builder_version=\u00bb4.16&#8243; _module_preset=\u00bbdefault\u00bb global_colors_info=\u00bb{}\u00bb][et_pb_text admin_label=\u00bbContact\u00bb _builder_version=\u00bb4.23.4&#8243; _module_preset=\u00bbdefault\u00bb header_text_color=\u00bb#32353A\u00bb header_font_size=\u00bb40px\u00bb header_2_text_color=\u00bb#32353A\u00bb header_2_font_size=\u00bb30px\u00bb header_3_font_size=\u00bb25px\u00bb text_orientation=\u00bbjustified\u00bb animation_style=\u00bbslide\u00bb animation_direction=\u00bbtop\u00bb header_font_size_tablet=\u00bb40px\u00bb header_font_size_phone=\u00bb34px\u00bb header_font_size_last_edited=\u00bbon|desktop\u00bb header_2_font_size_tablet=\u00bb30px\u00bb header_2_font_size_phone=\u00bb24px\u00bb header_2_font_size_last_edited=\u00bbon|desktop\u00bb header_3_font_size_tablet=\u00bb25px\u00bb header_3_font_size_phone=\u00bb20px\u00bb header_3_font_size_last_edited=\u00bbon|desktop\u00bb global_colors_info=\u00bb{}\u00bb]<\/p>\n<h1><span style=\"color: #189fd8;\">C<\/span>ontactar<\/h1>\n<p>[\/et_pb_text][et_pb_divider divider_position=\u00bbcenter\u00bb divider_weight=\u00bb2px\u00bb divider_weight_tablet=\u00bb2px\u00bb divider_weight_phone=\u00bb2px\u00bb divider_weight_last_edited=\u00bbon|desktop\u00bb _builder_version=\u00bb4.17.3&#8243; _module_preset=\u00bbdefault\u00bb width=\u00bb670px\u00bb width_tablet=\u00bbauto\u00bb width_phone=\u00bbauto\u00bb width_last_edited=\u00bbon|desktop\u00bb module_alignment=\u00bbleft\u00bb custom_padding=\u00bb||10px||false|false\u00bb animation_style=\u00bbfade\u00bb module_alignment_tablet=\u00bbcenter\u00bb module_alignment_phone=\u00bbcenter\u00bb module_alignment_last_edited=\u00bboff|desktop\u00bb locked=\u00bboff\u00bb global_colors_info=\u00bb{}\u00bb][\/et_pb_divider][\/et_pb_column][\/et_pb_row][et_pb_row column_structure=\u00bb1_2,1_2&#8243; use_custom_gutter=\u00bbon\u00bb make_equal=\u00bbon\u00bb _builder_version=\u00bb4.17.3&#8243; _module_preset=\u00bbdefault\u00bb max_width=\u00bb1480px\u00bb locked=\u00bboff\u00bb global_colors_info=\u00bb{}\u00bb][et_pb_column type=\u00bb1_2&#8243; _builder_version=\u00bb4.16&#8243; _module_preset=\u00bbdefault\u00bb global_colors_info=\u00bb{}\u00bb][et_pb_text _builder_version=\u00bb4.23.4&#8243; _module_preset=\u00bbdefault\u00bb text_text_color=\u00bb#666666&#8243; text_font_size=\u00bb16px\u00bb text_orientation=\u00bbjustified\u00bb animation_style=\u00bbfade\u00bb animation_delay=\u00bb100ms\u00bb global_colors_info=\u00bb{}\u00bb]<\/p>\n<div class=\"page\" title=\"Page 47\">\n<div class=\"layoutArea\">\n<div class=\"column\">\n<p>Utilice el formulario al lado para cualquier solicitud de contacto, le responderemos lo antes posible.<\/p>\n<p>Si su solicitud se refiere a un presupuesto, cue\u0301ntenos sobre su proyecto, describie\u0301ndolo con la mayor precisio\u0301n posible. Cuanta ma\u0301s informacio\u0301n tengamos, mejor podremos apoyarle y servirle.<\/p>\n<p>Estudiaremos su solicitud y nos pondremos en contacto con usted ra\u0301pidamente para formalizar su expediente.<\/p>\n<p>Hasta muy pronto,<br \/>El equipo de Marine Floor<\/p>\n<\/div>\n<\/div>\n<\/div>\n<p>[\/et_pb_text][et_pb_text admin_label=\u00bbcoordonn\u00e9es\u00bb _builder_version=\u00bb4.23.4&#8243; _module_preset=\u00bbdefault\u00bb text_font_size=\u00bb16px\u00bb header_4_line_height=\u00bb1.5em\u00bb locked=\u00bboff\u00bb global_colors_info=\u00bb{}\u00bb]<\/p>\n<table style=\"width: 70%; border-style: none;\" border=\"0\">\n<tbody>\n<tr>\n<td style=\"width: 50%;\"><img loading=\"lazy\" decoding=\"async\" class=\"aligncenter wp-image-258943 size-large\" src=\"https:\/\/www.marinefloor.fr\/wp-content\/uploads\/LOGO-SITE-ES-1024x323.png\" alt=\"\" width=\"465\" height=\"147\" style=\"float: left;\" \/><\/td>\n<\/tr>\n<tr>\n<td style=\"width: 50%;\">\n<h4>MARINE FLOOR EUROPE SAS<\/h4>\n<p><i class=\"fa fa-map-marker\" aria-hidden=\"true\"><\/i> Zone technique du Port, 11370 PORT LEUCATE<\/p>\n<p><i class=\"fa fa-phone bs-rotate\" aria-hidden=\"true\"><\/i> T\u00e9l : <a href=\"tel:+330468704283\">+33.(0)4.68.70.42.83<\/a><\/p>\n<p><i class=\"fas fa-envelope\"><\/i> Email : <a href=\"mailto:info@marinefloor.eu\">info@marinefloor.eu<\/a><\/p>\n<\/td>\n<\/tr>\n<\/tbody>\n<\/table>\n<p>&nbsp;<\/p>\n<p>&nbsp;<\/p>\n<p>&nbsp;<\/p>\n<p>[\/et_pb_text][et_pb_divider divider_position=\u00bbcenter\u00bb divider_weight=\u00bb2px\u00bb divider_weight_tablet=\u00bb2px\u00bb divider_weight_phone=\u00bb2px\u00bb divider_weight_last_edited=\u00bbon|desktop\u00bb _builder_version=\u00bb4.17.3&#8243; _module_preset=\u00bbdefault\u00bb width=\u00bb670px\u00bb width_tablet=\u00bbauto\u00bb width_phone=\u00bbauto\u00bb width_last_edited=\u00bbon|desktop\u00bb module_alignment=\u00bbleft\u00bb custom_padding=\u00bb||10px||false|false\u00bb animation_style=\u00bbfade\u00bb module_alignment_tablet=\u00bbcenter\u00bb module_alignment_phone=\u00bbcenter\u00bb module_alignment_last_edited=\u00bboff|desktop\u00bb locked=\u00bboff\u00bb global_colors_info=\u00bb{}\u00bb][\/et_pb_divider][et_pb_image src=\u00bbhttps:\/\/www.marinefloor.fr\/wp-content\/uploads\/drapeau-espagne.jpg\u00bb align=\u00bbcenter\u00bb admin_label=\u00bbImagen\u00bb _builder_version=\u00bb4.24.2&#8243; _module_preset=\u00bbdefault\u00bb width=\u00bb50%\u00bb global_colors_info=\u00bb{}\u00bb][\/et_pb_image][et_pb_text admin_label=\u00bbTexto\u00bb _builder_version=\u00bb4.24.2&#8243; _module_preset=\u00bbdefault\u00bb hover_enabled=\u00bb0&#8243; global_colors_info=\u00bb{}\u00bb sticky_enabled=\u00bb0&#8243;]<\/p>\n<h6 style=\"padding-left: 40px; text-align: center;\"><strong>Un proyecto en Espa\u00f1a ?<br \/>Se puede contactar directamente <br \/>nuestro socio <\/strong><strong>Santos que estar\u00e1 <br \/><\/strong><strong>encantado de satisfacerle !<\/strong><\/h6>\n<p>[\/et_pb_text][et_pb_button button_url=\u00bbmailto:smg@unibis.es\u00bb button_text=\u00bbE-mail\u00bb button_alignment=\u00bbcenter\u00bb admin_label=\u00bbEmail\u00bb _builder_version=\u00bb4.24.2&#8243; _module_preset=\u00bbdefault\u00bb custom_button=\u00bbon\u00bb button_text_size=\u00bb15px\u00bb button_text_color=\u00bb#000000&#8243; button_bg_color=\u00bbRGBA(255,255,255,0)\u00bb button_border_width=\u00bb2px\u00bb button_border_color=\u00bb#189FD8&#8243; button_border_radius=\u00bb2px\u00bb button_icon=\u00bb&#xe010;||divi||400&#8243; button_icon_color=\u00bb#189FD8&#8243; button_icon_placement=\u00bbleft\u00bb button_on_hover=\u00bboff\u00bb animation_style=\u00bbslide\u00bb animation_direction=\u00bbtop\u00bb animation_duration=\u00bb1500ms\u00bb animation_delay=\u00bb50ms\u00bb locked=\u00bboff\u00bb global_colors_info=\u00bb{}\u00bb][\/et_pb_button][et_pb_button button_url=\u00bbhttps:\/\/wa.me\/0034629732207&#8243; url_new_window=\u00bbon\u00bb button_text=\u00bbWhatsapp !\u00bb _builder_version=\u00bb4.24.2&#8243; _module_preset=\u00bbdefault\u00bb custom_button=\u00bbon\u00bb button_text_size=\u00bb14px\u00bb button_text_color=\u00bb#000000&#8243; button_bg_color=\u00bbRGBA(255,255,255,0)\u00bb button_border_width=\u00bb2px\u00bb button_border_color=\u00bb#7CDA24&#8243; button_border_radius=\u00bb2px\u00bb button_icon=\u00bb&#xf232;||fa||400&#8243; button_icon_color=\u00bb#7CDA24&#8243; button_icon_placement=\u00bbleft\u00bb button_on_hover=\u00bboff\u00bb animation_style=\u00bbzoom\u00bb hover_enabled=\u00bb0&#8243; global_colors_info=\u00bb{}\u00bb button_alignment=\u00bbcenter\u00bb sticky_enabled=\u00bb0&#8243;][\/et_pb_button][\/et_pb_column][et_pb_column type=\u00bb1_2&#8243; _builder_version=\u00bb4.17.3&#8243; _module_preset=\u00bbdefault\u00bb custom_padding=\u00bb60px|40px|60px|40px|true|true\u00bb box_shadow_style=\u00bbpreset3&#8243; box_shadow_vertical=\u00bb15px\u00bb box_shadow_blur=\u00bb80px\u00bb global_colors_info=\u00bb{}\u00bb][et_pb_contact_form use_spam_service=\u00bbon\u00bb recaptcha_list=\u00bbmarinefloor|marinefloor-0&#8243; email=\u00bbcommercial@marinefloor.eu\u00bb custom_message=\u00bbMail transmis depuis la page contact du site en ESPAGNOL:||et_pb_line_break_holder||||et_pb_line_break_holder||Coordonn\u00e9es :||et_pb_line_break_holder||%%Nom%% %%Prenom%%||et_pb_line_break_holder||%%Email%%||et_pb_line_break_holder||%%Tel%%||et_pb_line_break_holder||||et_pb_line_break_holder||Soci\u00e9t\u00e9 : %%question%%||et_pb_line_break_holder||%%societe%%||et_pb_line_break_holder||%%fonction%%||et_pb_line_break_holder||||et_pb_line_break_holder||Zone g\u00e9ographique :||et_pb_line_break_holder||%%pays%%||et_pb_line_break_holder||%%departement%% %%cp%%||et_pb_line_break_holder||||et_pb_line_break_holder||Demande :||et_pb_line_break_holder||%%demande%%||et_pb_line_break_holder||||et_pb_line_break_holder||Projet :||et_pb_line_break_holder||%%projet%%||et_pb_line_break_holder||||et_pb_line_break_holder||Message :||et_pb_line_break_holder||%%Message%%\u00bb success_message=\u00bbGracias por su mensaje. Nos pondremos en contacto con usted lo antes posible.\u00bb submit_button_text=\u00bbEnv\u00ecar\u00bb admin_label=\u00bbFormulaire de contact\u00bb _builder_version=\u00bb4.24.0&#8243; _module_preset=\u00bbdefault\u00bb _unique_id=\u00bb4d2fc30f-e50e-4f6e-8826-1185e5dd943c\u00bb form_field_background_color=\u00bb#FFFFFF\u00bb form_field_text_color=\u00bbrgba(50,53,58,0.6)\u00bb form_field_font=\u00bb|600|||||||\u00bb form_field_font_size=\u00bb16px\u00bb custom_button=\u00bbon\u00bb button_use_icon=\u00bboff\u00bb border_width_bottom=\u00bb1px\u00bb border_color_bottom=\u00bb#32353A\u00bb locked=\u00bboff\u00bb global_colors_info=\u00bb{}\u00bb button_text_color__hover_enabled=\u00bbon|desktop\u00bb button_text_color__hover=\u00bb#FFFFFF\u00bb][et_pb_contact_field field_id=\u00bbNom\u00bb field_title=\u00bbNombre*\u00bb fullwidth_field=\u00bbon\u00bb _builder_version=\u00bb4.24.0&#8243; _module_preset=\u00bbdefault\u00bb global_colors_info=\u00bb{}\u00bb][\/et_pb_contact_field][et_pb_contact_field field_id=\u00bbPrenom\u00bb field_title=\u00bbAppelido *\u00bb max_length=\u00bb213&#8243; _builder_version=\u00bb4.24.0&#8243; global_colors_info=\u00bb{}\u00bb button_text_size__hover_enabled=\u00bboff\u00bb button_one_text_size__hover_enabled=\u00bboff\u00bb button_two_text_size__hover_enabled=\u00bboff\u00bb button_text_color__hover_enabled=\u00bboff\u00bb button_one_text_color__hover_enabled=\u00bboff\u00bb button_two_text_color__hover_enabled=\u00bboff\u00bb button_border_width__hover_enabled=\u00bboff\u00bb button_one_border_width__hover_enabled=\u00bboff\u00bb button_two_border_width__hover_enabled=\u00bboff\u00bb button_border_color__hover_enabled=\u00bboff\u00bb button_one_border_color__hover_enabled=\u00bboff\u00bb button_two_border_color__hover_enabled=\u00bboff\u00bb button_border_radius__hover_enabled=\u00bboff\u00bb button_one_border_radius__hover_enabled=\u00bboff\u00bb button_two_border_radius__hover_enabled=\u00bboff\u00bb button_letter_spacing__hover_enabled=\u00bboff\u00bb button_one_letter_spacing__hover_enabled=\u00bboff\u00bb button_two_letter_spacing__hover_enabled=\u00bboff\u00bb button_bg_color__hover_enabled=\u00bboff\u00bb button_one_bg_color__hover_enabled=\u00bboff\u00bb button_two_bg_color__hover_enabled=\u00bboff\u00bb][\/et_pb_contact_field][et_pb_contact_field field_id=\u00bbEmail\u00bb field_title=\u00bbCorreo electr\u00f3nico *\u00bb field_type=\u00bbemail\u00bb _builder_version=\u00bb4.23.4&#8243; global_colors_info=\u00bb{}\u00bb button_text_size__hover_enabled=\u00bboff\u00bb button_one_text_size__hover_enabled=\u00bboff\u00bb button_two_text_size__hover_enabled=\u00bboff\u00bb button_text_color__hover_enabled=\u00bboff\u00bb button_one_text_color__hover_enabled=\u00bboff\u00bb button_two_text_color__hover_enabled=\u00bboff\u00bb button_border_width__hover_enabled=\u00bboff\u00bb button_one_border_width__hover_enabled=\u00bboff\u00bb button_two_border_width__hover_enabled=\u00bboff\u00bb button_border_color__hover_enabled=\u00bboff\u00bb button_one_border_color__hover_enabled=\u00bboff\u00bb button_two_border_color__hover_enabled=\u00bboff\u00bb button_border_radius__hover_enabled=\u00bboff\u00bb button_one_border_radius__hover_enabled=\u00bboff\u00bb button_two_border_radius__hover_enabled=\u00bboff\u00bb button_letter_spacing__hover_enabled=\u00bboff\u00bb button_one_letter_spacing__hover_enabled=\u00bboff\u00bb button_two_letter_spacing__hover_enabled=\u00bboff\u00bb button_bg_color__hover_enabled=\u00bboff\u00bb button_one_bg_color__hover_enabled=\u00bboff\u00bb button_two_bg_color__hover_enabled=\u00bboff\u00bb][\/et_pb_contact_field][et_pb_contact_field field_id=\u00bbquestion\u00bb field_title=\u00bb\u00bf Es usted una empresa ? *\u00bb field_type=\u00bbradio\u00bb radio_options=\u00bb%91{%22value%22:%22oui%22,%22checked%22:0,%22dragID%22:-1},{%22value%22:%22non%22,%22checked%22:0,%22dragID%22:0}%93&#8243; fullwidth_field=\u00bbon\u00bb _builder_version=\u00bb4.23.4&#8243; _module_preset=\u00bbdefault\u00bb global_colors_info=\u00bb{}\u00bb][\/et_pb_contact_field][et_pb_contact_field field_id=\u00bbsociete\u00bb field_title=\u00bbCompa\u00f1\u00eda *\u00bb conditional_logic=\u00bbon\u00bb conditional_logic_rules=\u00bb%91{%22field%22:%22question%22,%22condition%22:%22is%22,%22value%22:%22oui%22}%93&#8243; _builder_version=\u00bb4.23.4&#8243; _module_preset=\u00bbdefault\u00bb global_colors_info=\u00bb{}\u00bb][\/et_pb_contact_field][et_pb_contact_field field_id=\u00bbTel\u00bb field_title=\u00bbTelefono *\u00bb allowed_symbols=\u00bbnumbers\u00bb _builder_version=\u00bb4.23.4&#8243; _module_preset=\u00bbdefault\u00bb global_colors_info=\u00bb{}\u00bb][\/et_pb_contact_field][et_pb_contact_field field_id=\u00bbfonction\u00bb field_title=\u00bbFunci\u00f3n\u00bb required_mark=\u00bboff\u00bb conditional_logic=\u00bbon\u00bb conditional_logic_rules=\u00bb%91{%22field%22:%22question%22,%22condition%22:%22is%22,%22value%22:%22oui%22}%93&#8243; _builder_version=\u00bb4.23.4&#8243; _module_preset=\u00bbdefault\u00bb global_colors_info=\u00bb{}\u00bb][\/et_pb_contact_field][et_pb_contact_field field_id=\u00bbpays\u00bb field_title=\u00bbPa\u00eds *\u00bb fullwidth_field=\u00bbon\u00bb _builder_version=\u00bb4.23.4&#8243; _module_preset=\u00bbdefault\u00bb global_colors_info=\u00bb{}\u00bb][\/et_pb_contact_field][et_pb_contact_field field_id=\u00bbdepartement\u00bb field_title=\u00bbDepartamento\/Regi\u00f3n *\u00bb _builder_version=\u00bb4.23.4&#8243; _module_preset=\u00bbdefault\u00bb global_colors_info=\u00bb{}\u00bb][\/et_pb_contact_field][et_pb_contact_field field_id=\u00bbcp\u00bb field_title=\u00bbC\u00f3digo postal *\u00bb allowed_symbols=\u00bbnumbers\u00bb _builder_version=\u00bb4.23.4&#8243; _module_preset=\u00bbdefault\u00bb global_colors_info=\u00bb{}\u00bb][\/et_pb_contact_field][et_pb_contact_field field_id=\u00bbdemande\u00bb field_title=\u00bbSu solicitud se refiere a : *\u00bb field_type=\u00bbselect\u00bb select_options=\u00bb%91{%22value%22:%22un presupuesto de alquiler%22,%22checked%22:0,%22dragID%22:-1},{%22value%22:%22un presupuesto de compra%22,%22checked%22:0,%22dragID%22:0},{%22value%22:%22Una solicitud de informaci\u00f3n%22,%22checked%22:0,%22dragID%22:2},{%22value%22:%22Otros%22,%22checked%22:0,%22dragID%22:3}%93&#8243; fullwidth_field=\u00bbon\u00bb _builder_version=\u00bb4.23.4&#8243; _module_preset=\u00bbdefault\u00bb global_colors_info=\u00bb{}\u00bb][\/et_pb_contact_field][et_pb_contact_field field_id=\u00bbprojet\u00bb field_title=\u00bbEl universo de su proyecto *\u00bb field_type=\u00bbselect\u00bb select_options=\u00bb%91{%22value%22:%22Ev\u00e9nementiel%22,%22checked%22:0,%22dragID%22:-1},{%22value%22:%22Sports, loisirs, tourisme%22,%22checked%22:0,%22dragID%22:0},{%22value%22:%22Application portuaire%22,%22checked%22:0,%22dragID%22:1},{%22value%22:%22Application technique\/BTP%22,%22checked%22:0,%22dragID%22:2},{%22value%22:%22Application militaire%22,%22checked%22:0,%22dragID%22:3}%93&#8243; fullwidth_field=\u00bbon\u00bb _builder_version=\u00bb4.24.0&#8243; _module_preset=\u00bbdefault\u00bb global_colors_info=\u00bb{}\u00bb][\/et_pb_contact_field][et_pb_contact_field field_id=\u00bbMessage\u00bb field_title=\u00bbMensaje *\u00bb field_type=\u00bbtext\u00bb fullwidth_field=\u00bbon\u00bb _builder_version=\u00bb4.24.0&#8243; form_field_background_color=\u00bbrgba(12,12,12,0.02)\u00bb border_width_top=\u00bb1px\u00bb border_color_top=\u00bb#32353A\u00bb border_width_right=\u00bb1px\u00bb border_color_right=\u00bb#32353A\u00bb border_width_left=\u00bb1px\u00bb border_color_left=\u00bb#32353A\u00bb global_colors_info=\u00bb{}\u00bb button_text_size__hover_enabled=\u00bboff\u00bb button_one_text_size__hover_enabled=\u00bboff\u00bb button_two_text_size__hover_enabled=\u00bboff\u00bb button_text_color__hover_enabled=\u00bboff\u00bb button_one_text_color__hover_enabled=\u00bboff\u00bb button_two_text_color__hover_enabled=\u00bboff\u00bb button_border_width__hover_enabled=\u00bboff\u00bb button_one_border_width__hover_enabled=\u00bboff\u00bb button_two_border_width__hover_enabled=\u00bboff\u00bb button_border_color__hover_enabled=\u00bboff\u00bb button_one_border_color__hover_enabled=\u00bboff\u00bb button_two_border_color__hover_enabled=\u00bboff\u00bb button_border_radius__hover_enabled=\u00bboff\u00bb button_one_border_radius__hover_enabled=\u00bboff\u00bb button_two_border_radius__hover_enabled=\u00bboff\u00bb button_letter_spacing__hover_enabled=\u00bboff\u00bb button_one_letter_spacing__hover_enabled=\u00bboff\u00bb button_two_letter_spacing__hover_enabled=\u00bboff\u00bb button_bg_color__hover_enabled=\u00bboff\u00bb button_one_bg_color__hover_enabled=\u00bboff\u00bb button_two_bg_color__hover_enabled=\u00bboff\u00bb][\/et_pb_contact_field][et_pb_contact_field field_id=\u00bbrgpd\u00bb field_title=\u00bbrgpd\u00bb field_type=\u00bbcheckbox\u00bb checkbox_options=\u00bb%91{%22value%22:%22J&#8217;ai lu et j&#8217;accepte la %22,%22checked%22:0,%22dragID%22:-1,%22link_url%22:%22\/politique-de-confidentialite\/%22,%22link_text%22:%22politique de confidentialit\u00e9.%22}%93&#8243; fullwidth_field=\u00bbon\u00bb _builder_version=\u00bb4.16&#8243; _module_preset=\u00bbdefault\u00bb global_colors_info=\u00bb{}\u00bb][\/et_pb_contact_field][\/et_pb_contact_form][\/et_pb_column][\/et_pb_row][\/et_pb_section][et_pb_section fb_built=\u00bb1&#8243; _builder_version=\u00bb4.17.3&#8243; _module_preset=\u00bbdefault\u00bb z_index=\u00bb999&#8243; overflow-x=\u00bbvisible\u00bb overflow-y=\u00bbvisible\u00bb custom_padding=\u00bb0px||0px||true|false\u00bb locked=\u00bboff\u00bb global_colors_info=\u00bb{}\u00bb][et_pb_row use_custom_gutter=\u00bbon\u00bb gutter_width=\u00bb1&#8243; make_equal=\u00bbon\u00bb _builder_version=\u00bb4.17.3&#8243; _module_preset=\u00bbdefault\u00bb width=\u00bb100%\u00bb max_width=\u00bb100%\u00bb module_alignment=\u00bbcenter\u00bb custom_padding=\u00bb0px||0px||true|false\u00bb locked=\u00bboff\u00bb global_colors_info=\u00bb{}\u00bb][et_pb_column type=\u00bb4_4&#8243; _builder_version=\u00bb4.16&#8243; _module_preset=\u00bbdefault\u00bb global_colors_info=\u00bb{}\u00bb][et_pb_code _builder_version=\u00bb4.23.4&#8243; _module_preset=\u00bbdefault\u00bb module_alignment=\u00bbcenter\u00bb global_colors_info=\u00bb{}\u00bb]<iframe loading=\"lazy\" src=\"https:\/\/www.google.com\/maps\/embed?pb=!1m14!1m8!1m3!1d11697.396638427244!2d3.042322!3d42.865474!3m2!1i1024!2i768!4f13.1!3m3!1m2!1s0x0%3A0x7fadfea6bd52d547!2sMarine+Floor+Europe!5e0!3m2!1sfr!2sfr!4v1499860677051\" style=\"border: 0px none; pointer-events: none;\" allowfullscreen=\"\" width=\"2560\" height=\"450\" frameborder=\"0\"><\/iframe>[\/et_pb_code][\/et_pb_column][\/et_pb_row][\/et_pb_section]<\/p>\n","protected":false},"excerpt":{"rendered":"<p>Contactar Utilice el formulario al lado para cualquier solicitud de contacto, le responderemos lo antes posible. Si su solicitud se refiere a un presupuesto, cue\u0301ntenos sobre su proyecto, describie\u0301ndolo con la mayor precisio\u0301n posible. Cuanta ma\u0301s informacio\u0301n tengamos, mejor podremos apoyarle y servirle. Estudiaremos su solicitud y nos pondremos en contacto con usted ra\u0301pidamente para formalizar su expediente. Hasta muy pronto,El equipo de Marine Floor MARINE FLOOR EUROPE SAS Zone technique du Port, 11370 PORT LEUCATE T\u00e9l : +33.(0)4.68.70.42.83 Email : info@marinefloor.eu &nbsp; &nbsp; &nbsp;Un proyecto en Espa\u00f1a ?Se puede contactar directamente nuestro socio Santos que estar\u00e1 encantado de satisfacerle !<\/p>\n","protected":false},"author":1,"featured_media":0,"parent":0,"menu_order":10,"comment_status":"closed","ping_status":"closed","template":"","meta":{"_et_pb_use_builder":"on","_et_pb_old_content":"","_et_gb_content_width":"","footnotes":""},"class_list":["post-263675","page","type-page","status-publish","hentry"],"aioseo_notices":[],"_links":{"self":[{"href":"https:\/\/www.marinefloor.fr\/es\/wp-json\/wp\/v2\/pages\/263675","targetHints":{"allow":["GET"]}}],"collection":[{"href":"https:\/\/www.marinefloor.fr\/es\/wp-json\/wp\/v2\/pages"}],"about":[{"href":"https:\/\/www.marinefloor.fr\/es\/wp-json\/wp\/v2\/types\/page"}],"author":[{"embeddable":true,"href":"https:\/\/www.marinefloor.fr\/es\/wp-json\/wp\/v2\/users\/1"}],"replies":[{"embeddable":true,"href":"https:\/\/www.marinefloor.fr\/es\/wp-json\/wp\/v2\/comments?post=263675"}],"version-history":[{"count":17,"href":"https:\/\/www.marinefloor.fr\/es\/wp-json\/wp\/v2\/pages\/263675\/revisions"}],"predecessor-version":[{"id":264061,"href":"https:\/\/www.marinefloor.fr\/es\/wp-json\/wp\/v2\/pages\/263675\/revisions\/264061"}],"wp:attachment":[{"href":"https:\/\/www.marinefloor.fr\/es\/wp-json\/wp\/v2\/media?parent=263675"}],"curies":[{"name":"wp","href":"https:\/\/api.w.org\/{rel}","templated":true}]}}