{"id":263698,"date":"2022-04-29T16:27:46","date_gmt":"2022-04-29T14:27:46","guid":{"rendered":"https:\/\/www.marinefloor.fr\/mentions-legales\/"},"modified":"2024-01-25T19:10:57","modified_gmt":"2024-01-25T18:10:57","slug":"menciones-legales","status":"publish","type":"page","link":"https:\/\/www.marinefloor.fr\/es\/menciones-legales\/","title":{"rendered":"Menciones legales"},"content":{"rendered":"<p>[et_pb_section fb_built=\u00bb1&#8243; _builder_version=\u00bb4.17.3&#8243; _module_preset=\u00bbdefault\u00bb z_index=\u00bb9999&#8243; overflow-x=\u00bbvisible\u00bb overflow-y=\u00bbvisible\u00bb box_shadow_style=\u00bbpreset3&#8243; locked=\u00bboff\u00bb global_colors_info=\u00bb{}\u00bb][et_pb_row use_custom_gutter=\u00bbon\u00bb _builder_version=\u00bb4.17.3&#8243; _module_preset=\u00bbdefault\u00bb max_width=\u00bb1280px\u00bb locked=\u00bboff\u00bb global_colors_info=\u00bb{}\u00bb][et_pb_column type=\u00bb4_4&#8243; _builder_version=\u00bb4.16&#8243; _module_preset=\u00bbdefault\u00bb global_colors_info=\u00bb{}\u00bb][et_pb_text admin_label=\u00bbMentions l\u00e9gales\u00bb _builder_version=\u00bb4.23.4&#8243; _module_preset=\u00bbdefault\u00bb header_text_color=\u00bb#32353A\u00bb header_font_size=\u00bb40px\u00bb header_2_text_color=\u00bb#32353A\u00bb header_2_font_size=\u00bb30px\u00bb header_3_font_size=\u00bb25px\u00bb text_orientation=\u00bbjustified\u00bb animation_style=\u00bbslide\u00bb animation_direction=\u00bbtop\u00bb header_font_size_tablet=\u00bb40px\u00bb header_font_size_phone=\u00bb34px\u00bb header_font_size_last_edited=\u00bbon|desktop\u00bb header_2_font_size_tablet=\u00bb30px\u00bb header_2_font_size_phone=\u00bb24px\u00bb header_2_font_size_last_edited=\u00bbon|desktop\u00bb header_3_font_size_tablet=\u00bb25px\u00bb header_3_font_size_phone=\u00bb20px\u00bb header_3_font_size_last_edited=\u00bbon|desktop\u00bb global_colors_info=\u00bb{}\u00bb]<\/p>\n<h1><span style=\"color: #189fd8;\">M<\/span>enciones legales<\/h1>\n<p>[\/et_pb_text][et_pb_divider divider_position=\u00bbcenter\u00bb divider_weight=\u00bb2px\u00bb divider_weight_tablet=\u00bb2px\u00bb divider_weight_phone=\u00bb2px\u00bb divider_weight_last_edited=\u00bbon|desktop\u00bb _builder_version=\u00bb4.17.3&#8243; _module_preset=\u00bbdefault\u00bb width=\u00bb670px\u00bb width_tablet=\u00bbauto\u00bb width_phone=\u00bbauto\u00bb width_last_edited=\u00bbon|desktop\u00bb module_alignment=\u00bbleft\u00bb custom_padding=\u00bb||10px||false|false\u00bb animation_style=\u00bbfade\u00bb module_alignment_tablet=\u00bbcenter\u00bb module_alignment_phone=\u00bbcenter\u00bb module_alignment_last_edited=\u00bboff|desktop\u00bb locked=\u00bboff\u00bb global_colors_info=\u00bb{}\u00bb][\/et_pb_divider][\/et_pb_column][\/et_pb_row][\/et_pb_section][et_pb_section fb_built=\u00bb1&#8243; specialty=\u00bbon\u00bb _builder_version=\u00bb4.17.3&#8243; _module_preset=\u00bbdefault\u00bb global_colors_info=\u00bb{}\u00bb][et_pb_column type=\u00bb3_4&#8243; specialty_columns=\u00bb3&#8243; _builder_version=\u00bb4.16&#8243; custom_padding=\u00bb|||\u00bb global_colors_info=\u00bb{}\u00bb custom_padding__hover=\u00bb|||\u00bb][et_pb_row_inner _builder_version=\u00bb4.17.3&#8243; _module_preset=\u00bbdefault\u00bb global_colors_info=\u00bb{}\u00bb][et_pb_column_inner saved_specialty_column_type=\u00bb3_4&#8243; _builder_version=\u00bb4.17.3&#8243; _module_preset=\u00bbdefault\u00bb global_colors_info=\u00bb{}\u00bb][et_pb_text _builder_version=\u00bb4.23.4&#8243; _module_preset=\u00bbdefault\u00bb text_text_color=\u00bb#666666&#8243; text_font_size=\u00bb16px\u00bb text_orientation=\u00bbjustified\u00bb animation_style=\u00bbfade\u00bb animation_delay=\u00bb100ms\u00bb global_colors_info=\u00bb{}\u00bb]<\/p>\n<p>Informaci\u00f3n legal<\/p>\n<p>1. Presentaci\u00f3n del sitio web.<\/p>\n<p>De conformidad con el art\u00edculo 6 de la Ley n\u00ba 2004-575, de 21 de junio de 2004, sobre la confianza en la econom\u00eda digital, se informa a los usuarios del sitio web https:\/\/www.marinefloor.fr de las distintas partes implicadas en su creaci\u00f3n y seguimiento:<\/p>\n<p>Propietario: MARINE FLOOR EUROPE S.A.S<br \/>Siret : 52266886200025<\/p>\n<p>Zone technique du Port &#8211; 11370 PORT LEUCATE &#8211; Francia<\/p>\n<p>Los creadores del sitio son :<br \/>Dise\u00f1o: Gravity Innovation<br \/>Dise\u00f1o y desarrollo: bs conseil<br \/>Responsable de la publicaci\u00f3n: Laurent DUBOIS.<br \/>El responsable de la publicaci\u00f3n es una persona f\u00edsica o jur\u00eddica.<br \/>Anfitri\u00f3n: OVH &#8211; 2 Rue Kellermann &#8211; 59100 ROUBAIX<\/p>\n<p>&nbsp;<\/p>\n<p>2. Condiciones generales de uso del sitio web y de los servicios ofrecidos.<\/p>\n<p>El uso del sitio web https:\/\/www.marinefloor.fr implica la plena aceptaci\u00f3n de las condiciones generales de uso que se describen a continuaci\u00f3n. Estas condiciones de uso pueden ser modificadas o completadas en cualquier momento, por lo que se aconseja a los usuarios del sitio web https:\/\/www.marinefloor.fr que las consulten peri\u00f3dicamente.<\/p>\n<p>Este sitio es normalmente accesible a los usuarios en todo momento. No obstante, el propietario puede decidir interrumpir el sitio por motivos de mantenimiento t\u00e9cnico, y se esforzar\u00e1, en la medida de lo posible, por informar a los usuarios de las fechas y horas de dichas intervenciones con antelaci\u00f3n.<\/p>\n<p>El responsable de la publicaci\u00f3n actualiza peri\u00f3dicamente el sitio web https:\/\/www.marinefloor.fr. Del mismo modo, las menciones legales pueden modificarse en cualquier momento: no obstante, son vinculantes para el usuario, al que se invita a consultarlas con la mayor frecuencia posible para leerlas.<\/p>\n<p>&nbsp;<\/p>\n<p>3. Descripci\u00f3n de los servicios prestados.<\/p>\n<p>El sitio https:\/\/www.marinefloor.fr tiene por objeto prestar un servicio comercial y el internauta se compromete a aceptar sin reservas las condiciones generales de venta.<\/p>\n<p>El responsable de la publicaci\u00f3n se esfuerza por ofrecer en el sitio https:\/\/www.marinefloor.fr una informaci\u00f3n lo m\u00e1s exacta posible. No obstante, no podr\u00e1 ser considerado responsable de las omisiones, inexactitudes o falta de actualizaci\u00f3n de la informaci\u00f3n, ya sean imputables a \u00e9l mismo o a terceros colaboradores que proporcionen la informaci\u00f3n.<\/p>\n<p>Toda la informaci\u00f3n proporcionada en el sitio web https:\/\/www.marinefloor.fr se facilita a t\u00edtulo meramente informativo y est\u00e1 sujeta a cambios. Adem\u00e1s, la informaci\u00f3n del sitio no es exhaustiva. Se facilita a reserva de las modificaciones que se hayan producido desde su puesta en l\u00ednea.<\/p>\n<p>&nbsp;<\/p>\n<p>4. Limitaciones contractuales sobre los datos t\u00e9cnicos.<\/p>\n<p>El sitio web utiliza la tecnolog\u00eda JavaScript.<\/p>\n<p>El sitio web no se hace responsable de los da\u00f1os materiales relacionados con el uso del sitio web https:\/\/www.marinefloor.fr. Adem\u00e1s, el usuario del sitio web https:\/\/www.marinefloor.fr se compromete a acceder al sitio utilizando un equipo reciente, libre de virus y con un navegador actualizado de \u00faltima generaci\u00f3n.<\/p>\n<p>&nbsp;<\/p>\n<p>5. Propiedad intelectual y falsificaci\u00f3n.<\/p>\n<p>El propietario del sitio web https:\/\/www.marinefloor.fr es titular de los derechos de propiedad intelectual o posee los derechos de uso sobre todos los elementos accesibles en el sitio, en particular los textos, im\u00e1genes, gr\u00e1ficos, logotipos, iconos, sonidos y software.<\/p>\n<p>Queda prohibida toda reproducci\u00f3n, representaci\u00f3n, modificaci\u00f3n, publicaci\u00f3n o adaptaci\u00f3n de la totalidad o parte de los elementos del sitio, por cualquier medio o procedimiento.<\/p>\n<p>Cualquier uso no autorizado del sitio o de cualquiera de los elementos que contiene se considerar\u00e1 constitutivo de infracci\u00f3n y ser\u00e1 perseguido de conformidad con las disposiciones de los art\u00edculos L.335-2 y siguientes del C\u00f3digo franc\u00e9s de la Propiedad Intelectual.<\/p>\n<p>&nbsp;<\/p>\n<p>6.Limitaci\u00f3n de responsabilidad.<\/p>\n<p>El titular no podr\u00e1 ser considerado responsable de los da\u00f1os directos o indirectos causados al equipo del usuario al acceder al sitio web https:\/\/www.marinefloor.fr, ya sea por el uso de un equipo que no cumpla las especificaciones indicadas en el punto 4, o por la aparici\u00f3n de un error o incompatibilidad.<\/p>\n<p>El titular tampoco podr\u00e1 ser considerado responsable de los da\u00f1os indirectos (como la p\u00e9rdida de mercado o la p\u00e9rdida de oportunidades) resultantes del uso del sitio web https:\/\/www.marinefloor.fr.<\/p>\n<p>Los usuarios tienen a su disposici\u00f3n zonas interactivas (posibilidad de hacer preguntas en la zona de contacto). El responsable de la publicaci\u00f3n se reserva el derecho de suprimir, sin previo aviso, cualquier contenido publicado en este espacio que contravenga la legislaci\u00f3n aplicable en Francia, en particular las disposiciones relativas a la protecci\u00f3n de datos. En su caso, el propietario tambi\u00e9n se reserva el derecho de exigir responsabilidades civiles y\/o penales al usuario, especialmente en caso de mensajes de car\u00e1cter racista, insultante, difamatorio o pornogr\u00e1fico, sea cual sea el soporte utilizado (texto, fotograf\u00edas, etc.).<\/p>\n<p>&nbsp;<\/p>\n<p>&nbsp;<\/p>\n<p>7. Gesti\u00f3n de datos personalesEn Francia, los datos personales est\u00e1n protegidos por la ley n\u00ba 78-87 de 6 de enero de 1978, la ley n\u00ba 2004-801 de 6 de agosto de 2004, el art\u00edculo L. 226-13 del C\u00f3digo Penal y la Directiva Europea de 24 de octubre de 1995.Al utilizar el sitio web https:\/\/www.marinefloor.fr, pueden recopilarse los siguientes datos: la URL de los enlaces a trav\u00e9s de los cuales el usuario ha accedido al sitio, el proveedor de acceso del usuario, la direcci\u00f3n del protocolo de Internet (IP) del usuario.En cualquier caso, el propietario s\u00f3lo recoge informaci\u00f3n personal relativa al usuario a efectos de determinados servicios ofrecidos por el sitio.Los usuarios facilitan esta informaci\u00f3n con pleno conocimiento de causa, especialmente cuando la introducen ellos mismos. A continuaci\u00f3n, se informa a los usuarios del sitio web https:\/\/www.marinefloor.fr de la obligaci\u00f3n o no de facilitar dicha informaci\u00f3n.<\/p>\n<p>De conformidad con las disposiciones de los art\u00edculos 38 y siguientes de la Ley 78-17 de 6 de enero de 1978 relativa a la inform\u00e1tica, a los ficheros y a las libertades, todo usuario dispone de un derecho de acceso, de rectificaci\u00f3n a trav\u00e9s de su cuenta y de oposici\u00f3n a los datos de car\u00e1cter personal que le conciernan. Para m\u00e1s informaci\u00f3n, lea la Pol\u00edtica de confidencialidad.<\/p>\n<p>Ninguna informaci\u00f3n personal del usuario del sitio web https:\/\/www.marinefloor.fr es publicada, intercambiada, transferida, cedida o vendida en ning\u00fan soporte a terceros sin el conocimiento del usuario.<br \/>S\u00f3lo la asunci\u00f3n de la compra del propietario y de sus derechos permitir\u00eda la transmisi\u00f3n de dicha informaci\u00f3n al eventual comprador que a su vez estar\u00eda vinculado por la misma obligaci\u00f3n de conservaci\u00f3n y modificaci\u00f3n de los datos con respecto al usuario del sitio.Las bases de datos est\u00e1n protegidas por las disposiciones de la ley de 1 de julio de 1998 que transpone la directiva 96\/9 de 11 de marzo de 1996 sobre la protecci\u00f3n jur\u00eddica de las bases de datos.<\/p>\n<p>&nbsp;<\/p>\n<p>8. Enlaces de hipertexto y cookies<\/p>\n<p>El sitio contiene una serie de enlaces de hipertexto hacia otros sitios, establecidos con la autorizaci\u00f3n del responsable de la publicaci\u00f3n. Sin embargo, el responsable de la publicaci\u00f3n no puede controlar el contenido de los sitios visitados de este modo y, por consiguiente, no asume ninguna responsabilidad al respecto.<\/p>\n<p>La navegaci\u00f3n por el sitio https:\/\/www.marinefloor.fr puede dar lugar a la instalaci\u00f3n de cookie(s) en el ordenador del usuario. Una cookie es un peque\u00f1o archivo que no permite identificar al usuario, pero que registra informaci\u00f3n relativa a la navegaci\u00f3n de un ordenador en un sitio.Los datos obtenidos de este modo est\u00e1n destinados a facilitar la navegaci\u00f3n posterior por el sitio y tambi\u00e9n se utilizan para medir el n\u00famero de visitantes.El rechazo a instalar una cookie puede imposibilitar el acceso a determinados servicios.No obstante, el usuario puede configurar su ordenador de manera que rechace la instalaci\u00f3n de cookies.<\/p>\n<p>&nbsp;<\/p>\n<p>9. Ley aplicable y jurisdicci\u00f3n.<\/p>\n<p>Cualquier litigio relacionado con el uso del sitio web https:\/\/www.marinefloor.fr est\u00e1 sujeto a la legislaci\u00f3n francesa. La jurisdicci\u00f3n exclusiva corresponde a los tribunales competentes del domicilio social de https:\/\/www.marinefloor.fr.<\/p>\n<p>&nbsp;<\/p>\n<p>10. Principales leyes afectadas<\/p>\n<p>Ley n\u00ba 78-87 de 6 de enero de 1978, modificada por la Ley n\u00ba 2004-801 de 6 de agosto de 2004 relativa a la inform\u00e1tica, los ficheros y las libertades.<\/p>\n<p>Ley n\u00ba 2004-575 de 21 de junio de 2004 sobre la confianza en la econom\u00eda digital.<\/p>\n<p>&nbsp;<\/p>\n<p>11. Glosario.<\/p>\n<p>Usuario: internauta que se conecta y utiliza dicho sitio.Informaci\u00f3n personal: \u00abinformaci\u00f3n que permite, bajo cualquier forma, directa o indirectamente, la identificaci\u00f3n de las personas f\u00edsicas a las que se aplica\u00bb (art\u00edculo 4 de la ley n\u00ba 78-17 de 6 de enero de 1978).<\/p>\n<p>[\/et_pb_text][\/et_pb_column_inner][\/et_pb_row_inner][\/et_pb_column][et_pb_column type=\u00bb1_4&#8243; _builder_version=\u00bb4.16&#8243; custom_padding=\u00bb|||\u00bb global_colors_info=\u00bb{}\u00bb custom_padding__hover=\u00bb|||\u00bb][et_pb_sidebar orientation=\u00bbright\u00bb _builder_version=\u00bb4.17.3&#8243; _module_preset=\u00bbdefault\u00bb global_colors_info=\u00bb{}\u00bb][\/et_pb_sidebar][\/et_pb_column][\/et_pb_section]<\/p>\n","protected":false},"excerpt":{"rendered":"<p>Menciones legalesInformaci\u00f3n legal 1. Presentaci\u00f3n del sitio web. De conformidad con el art\u00edculo 6 de la Ley n\u00ba 2004-575, de 21 de junio de 2004, sobre la confianza en la econom\u00eda digital, se informa a los usuarios del sitio web https:\/\/www.marinefloor.fr de las distintas partes implicadas en su creaci\u00f3n y seguimiento: Propietario: MARINE FLOOR EUROPE S.A.SSiret : 52266886200025 Zone technique du Port &#8211; 11370 PORT LEUCATE &#8211; Francia Los creadores del sitio son :Dise\u00f1o: Gravity InnovationDise\u00f1o y desarrollo: bs conseilResponsable de la publicaci\u00f3n: Laurent DUBOIS.El responsable de la publicaci\u00f3n es una persona f\u00edsica o jur\u00eddica.Anfitri\u00f3n: OVH &#8211; 2 Rue Kellermann &#8211; 59100 ROUBAIX &nbsp; 2. Condiciones generales de uso del sitio web y de los servicios ofrecidos. El uso del sitio web https:\/\/www.marinefloor.fr implica la plena aceptaci\u00f3n de las condiciones generales de uso que se describen a continuaci\u00f3n. Estas condiciones de uso pueden ser modificadas o completadas en cualquier momento, por lo que se aconseja a los usuarios del sitio web https:\/\/www.marinefloor.fr que las consulten peri\u00f3dicamente. Este sitio es normalmente accesible a los usuarios en todo momento. No obstante, el propietario puede decidir interrumpir el sitio por motivos de mantenimiento t\u00e9cnico, y se esforzar\u00e1, en la medida de lo posible, [&hellip;]<\/p>\n","protected":false},"author":1,"featured_media":0,"parent":0,"menu_order":50,"comment_status":"closed","ping_status":"closed","template":"","meta":{"_et_pb_use_builder":"on","_et_pb_old_content":"","_et_gb_content_width":"","footnotes":""},"class_list":["post-263698","page","type-page","status-publish","hentry"],"aioseo_notices":[],"_links":{"self":[{"href":"https:\/\/www.marinefloor.fr\/es\/wp-json\/wp\/v2\/pages\/263698","targetHints":{"allow":["GET"]}}],"collection":[{"href":"https:\/\/www.marinefloor.fr\/es\/wp-json\/wp\/v2\/pages"}],"about":[{"href":"https:\/\/www.marinefloor.fr\/es\/wp-json\/wp\/v2\/types\/page"}],"author":[{"embeddable":true,"href":"https:\/\/www.marinefloor.fr\/es\/wp-json\/wp\/v2\/users\/1"}],"replies":[{"embeddable":true,"href":"https:\/\/www.marinefloor.fr\/es\/wp-json\/wp\/v2\/comments?post=263698"}],"version-history":[{"count":5,"href":"https:\/\/www.marinefloor.fr\/es\/wp-json\/wp\/v2\/pages\/263698\/revisions"}],"predecessor-version":[{"id":263705,"href":"https:\/\/www.marinefloor.fr\/es\/wp-json\/wp\/v2\/pages\/263698\/revisions\/263705"}],"wp:attachment":[{"href":"https:\/\/www.marinefloor.fr\/es\/wp-json\/wp\/v2\/media?parent=263698"}],"curies":[{"name":"wp","href":"https:\/\/api.w.org\/{rel}","templated":true}]}}